{"id":4444,"date":"2022-03-14T16:14:39","date_gmt":"2022-03-14T16:14:39","guid":{"rendered":"https:\/\/moonstonestables.com\/?post_type=product&#038;p=4444"},"modified":"2024-10-14T09:50:11","modified_gmt":"2024-10-14T08:50:11","slug":"fame","status":"publish","type":"product","link":"https:\/\/moonstonestables.com\/pt\/moonstone-stables\/dressage-horses\/rachaels-horses\/fame\/","title":{"rendered":"Fama"},"content":{"rendered":"","protected":false},"excerpt":{"rendered":"<h2 class=\"title style-scope ytd-video-primary-info-renderer\" style=\"text-align: justify;\">Apache x Obelisco<\/h2>\n<p style=\"text-align: justify;\">\u00c9gua<\/p>\n<p style=\"text-align: justify;\">2010<\/p>\n<p style=\"text-align: justify;\">1,68 metros<\/p>\n<p style=\"text-align: justify;\">Preto<\/p>\n<p style=\"text-align: justify;\">A fama \u00e9 a queridinha dos est\u00e1bulos. Agora est\u00e1 a caminho de se tornar outra estrela membro do Grand Prix do clube Grand Prix de Rachael.<\/p>","protected":false},"featured_media":4445,"template":"","meta":[],"product_brand":[],"product_cat":[33,81,79],"product_tag":[],"class_list":{"0":"post-4444","1":"product","2":"type-product","3":"status-publish","4":"has-post-thumbnail","6":"product_cat-dressage-horses","7":"product_cat-horses-for-sale","8":"product_cat-rachaels-horses","10":"first","11":"instock","12":"shipping-taxable","13":"product-type-simple"},"yoast_head":"<!-- This site is optimized with the Yoast SEO plugin v27.3 - https:\/\/yoast.com\/product\/yoast-seo-wordpress\/ -->\n<title>Fame - Moonstone Stables<\/title>\n<meta name=\"robots\" content=\"index, follow, max-snippet:-1, max-image-preview:large, max-video-preview:-1\" \/>\n<link rel=\"canonical\" href=\"https:\/\/moonstonestables.com\/pt\/moonstone-stables\/dressage-horses\/rachaels-horses\/fame\/\" \/>\n<meta property=\"og:locale\" content=\"pt_PT\" \/>\n<meta property=\"og:type\" content=\"article\" \/>\n<meta property=\"og:title\" content=\"Fame - Moonstone Stables\" \/>\n<meta property=\"og:description\" content=\"Apache x Obelisk Mare 2010 1.68 m Black Fame is the darling of the stables. Now is on her way to become another star Grand Prix member of Rachael&#039;s Grand Prix club.\" \/>\n<meta property=\"og:url\" content=\"https:\/\/moonstonestables.com\/pt\/moonstone-stables\/dressage-horses\/rachaels-horses\/fame\/\" \/>\n<meta property=\"og:site_name\" content=\"Moonstone Stables\" \/>\n<meta property=\"article:publisher\" content=\"https:\/\/www.facebook.com\/MoonstoneStablesDressage\" \/>\n<meta property=\"article:modified_time\" content=\"2024-10-14T08:50:11+00:00\" \/>\n<meta property=\"og:image\" content=\"https:\/\/moonstonestables.com\/wp-content\/uploads\/2022\/03\/Fame1.jpeg\" \/>\n\t<meta property=\"og:image:width\" content=\"1066\" \/>\n\t<meta property=\"og:image:height\" content=\"1066\" \/>\n\t<meta property=\"og:image:type\" content=\"image\/jpeg\" \/>\n<meta name=\"twitter:card\" content=\"summary_large_image\" \/>\n<script type=\"application\/ld+json\" class=\"yoast-schema-graph\">{\"@context\":\"https:\\\/\\\/schema.org\",\"@graph\":[{\"@type\":\"WebPage\",\"@id\":\"https:\\\/\\\/moonstonestables.com\\\/moonstone-stables\\\/dressage-horses\\\/rachaels-horses\\\/fame\\\/\",\"url\":\"https:\\\/\\\/moonstonestables.com\\\/moonstone-stables\\\/dressage-horses\\\/rachaels-horses\\\/fame\\\/\",\"name\":\"Fame - Moonstone Stables\",\"isPartOf\":{\"@id\":\"https:\\\/\\\/moonstonestables.com\\\/#website\"},\"primaryImageOfPage\":{\"@id\":\"https:\\\/\\\/moonstonestables.com\\\/moonstone-stables\\\/dressage-horses\\\/rachaels-horses\\\/fame\\\/#primaryimage\"},\"image\":{\"@id\":\"https:\\\/\\\/moonstonestables.com\\\/moonstone-stables\\\/dressage-horses\\\/rachaels-horses\\\/fame\\\/#primaryimage\"},\"thumbnailUrl\":\"https:\\\/\\\/moonstonestables.com\\\/wp-content\\\/uploads\\\/2022\\\/03\\\/Fame1.jpeg\",\"datePublished\":\"2022-03-14T16:14:39+00:00\",\"dateModified\":\"2024-10-14T08:50:11+00:00\",\"breadcrumb\":{\"@id\":\"https:\\\/\\\/moonstonestables.com\\\/moonstone-stables\\\/dressage-horses\\\/rachaels-horses\\\/fame\\\/#breadcrumb\"},\"inLanguage\":\"pt-PT\",\"potentialAction\":[{\"@type\":\"ReadAction\",\"target\":[\"https:\\\/\\\/moonstonestables.com\\\/moonstone-stables\\\/dressage-horses\\\/rachaels-horses\\\/fame\\\/\"]}]},{\"@type\":\"ImageObject\",\"inLanguage\":\"pt-PT\",\"@id\":\"https:\\\/\\\/moonstonestables.com\\\/moonstone-stables\\\/dressage-horses\\\/rachaels-horses\\\/fame\\\/#primaryimage\",\"url\":\"https:\\\/\\\/moonstonestables.com\\\/wp-content\\\/uploads\\\/2022\\\/03\\\/Fame1.jpeg\",\"contentUrl\":\"https:\\\/\\\/moonstonestables.com\\\/wp-content\\\/uploads\\\/2022\\\/03\\\/Fame1.jpeg\",\"width\":1066,\"height\":1066},{\"@type\":\"BreadcrumbList\",\"@id\":\"https:\\\/\\\/moonstonestables.com\\\/moonstone-stables\\\/dressage-horses\\\/rachaels-horses\\\/fame\\\/#breadcrumb\",\"itemListElement\":[{\"@type\":\"ListItem\",\"position\":1,\"name\":\"Home\",\"item\":\"https:\\\/\\\/moonstonestables.com\\\/\"},{\"@type\":\"ListItem\",\"position\":2,\"name\":\"Products\",\"item\":\"https:\\\/\\\/moonstonestables.com\\\/shop\\\/\"},{\"@type\":\"ListItem\",\"position\":3,\"name\":\"Fame\"}]},{\"@type\":\"WebSite\",\"@id\":\"https:\\\/\\\/moonstonestables.com\\\/#website\",\"url\":\"https:\\\/\\\/moonstonestables.com\\\/\",\"name\":\"Moonstone Stables\",\"description\":\"Rachael Ivtsan Dressage\",\"publisher\":{\"@id\":\"https:\\\/\\\/moonstonestables.com\\\/#organization\"},\"alternateName\":\"Pet Play Unip LDA\",\"potentialAction\":[{\"@type\":\"SearchAction\",\"target\":{\"@type\":\"EntryPoint\",\"urlTemplate\":\"https:\\\/\\\/moonstonestables.com\\\/?s={search_term_string}\"},\"query-input\":{\"@type\":\"PropertyValueSpecification\",\"valueRequired\":true,\"valueName\":\"search_term_string\"}}],\"inLanguage\":\"pt-PT\"},{\"@type\":\"Organization\",\"@id\":\"https:\\\/\\\/moonstonestables.com\\\/#organization\",\"name\":\"Pet Play Unip LDA\",\"alternateName\":\"Moonstone Stables\",\"url\":\"https:\\\/\\\/moonstonestables.com\\\/\",\"logo\":{\"@type\":\"ImageObject\",\"inLanguage\":\"pt-PT\",\"@id\":\"https:\\\/\\\/moonstonestables.com\\\/#\\\/schema\\\/logo\\\/image\\\/\",\"url\":\"https:\\\/\\\/moonstonestables.com\\\/wp-content\\\/uploads\\\/2021\\\/03\\\/icon.png\",\"contentUrl\":\"https:\\\/\\\/moonstonestables.com\\\/wp-content\\\/uploads\\\/2021\\\/03\\\/icon.png\",\"width\":1338,\"height\":403,\"caption\":\"Pet Play Unip LDA\"},\"image\":{\"@id\":\"https:\\\/\\\/moonstonestables.com\\\/#\\\/schema\\\/logo\\\/image\\\/\"},\"sameAs\":[\"https:\\\/\\\/www.facebook.com\\\/MoonstoneStablesDressage\",\"https:\\\/\\\/www.instagram.com\\\/moonstonestables_ri\\\/\",\"https:\\\/\\\/www.youtube.com\\\/channel\\\/UC2mTyspA1Xe2uJRueVmgZHA\"]}]}<\/script>\n<!-- \/ Yoast SEO plugin. -->","yoast_head_json":{"title":"Fame - Moonstone Stables","robots":{"index":"index","follow":"follow","max-snippet":"max-snippet:-1","max-image-preview":"max-image-preview:large","max-video-preview":"max-video-preview:-1"},"canonical":"https:\/\/moonstonestables.com\/pt\/moonstone-stables\/dressage-horses\/rachaels-horses\/fame\/","og_locale":"pt_PT","og_type":"article","og_title":"Fame - Moonstone Stables","og_description":"Apache x Obelisk Mare 2010 1.68 m Black Fame is the darling of the stables. Now is on her way to become another star Grand Prix member of Rachael's Grand Prix club.","og_url":"https:\/\/moonstonestables.com\/pt\/moonstone-stables\/dressage-horses\/rachaels-horses\/fame\/","og_site_name":"Moonstone Stables","article_publisher":"https:\/\/www.facebook.com\/MoonstoneStablesDressage","article_modified_time":"2024-10-14T08:50:11+00:00","og_image":[{"width":1066,"height":1066,"url":"https:\/\/moonstonestables.com\/wp-content\/uploads\/2022\/03\/Fame1.jpeg","type":"image\/jpeg"}],"twitter_card":"summary_large_image","schema":{"@context":"https:\/\/schema.org","@graph":[{"@type":"WebPage","@id":"https:\/\/moonstonestables.com\/moonstone-stables\/dressage-horses\/rachaels-horses\/fame\/","url":"https:\/\/moonstonestables.com\/moonstone-stables\/dressage-horses\/rachaels-horses\/fame\/","name":"Fame - Moonstone Stables","isPartOf":{"@id":"https:\/\/moonstonestables.com\/#website"},"primaryImageOfPage":{"@id":"https:\/\/moonstonestables.com\/moonstone-stables\/dressage-horses\/rachaels-horses\/fame\/#primaryimage"},"image":{"@id":"https:\/\/moonstonestables.com\/moonstone-stables\/dressage-horses\/rachaels-horses\/fame\/#primaryimage"},"thumbnailUrl":"https:\/\/moonstonestables.com\/wp-content\/uploads\/2022\/03\/Fame1.jpeg","datePublished":"2022-03-14T16:14:39+00:00","dateModified":"2024-10-14T08:50:11+00:00","breadcrumb":{"@id":"https:\/\/moonstonestables.com\/moonstone-stables\/dressage-horses\/rachaels-horses\/fame\/#breadcrumb"},"inLanguage":"pt-PT","potentialAction":[{"@type":"ReadAction","target":["https:\/\/moonstonestables.com\/moonstone-stables\/dressage-horses\/rachaels-horses\/fame\/"]}]},{"@type":"ImageObject","inLanguage":"pt-PT","@id":"https:\/\/moonstonestables.com\/moonstone-stables\/dressage-horses\/rachaels-horses\/fame\/#primaryimage","url":"https:\/\/moonstonestables.com\/wp-content\/uploads\/2022\/03\/Fame1.jpeg","contentUrl":"https:\/\/moonstonestables.com\/wp-content\/uploads\/2022\/03\/Fame1.jpeg","width":1066,"height":1066},{"@type":"BreadcrumbList","@id":"https:\/\/moonstonestables.com\/moonstone-stables\/dressage-horses\/rachaels-horses\/fame\/#breadcrumb","itemListElement":[{"@type":"ListItem","position":1,"name":"Home","item":"https:\/\/moonstonestables.com\/"},{"@type":"ListItem","position":2,"name":"Products","item":"https:\/\/moonstonestables.com\/shop\/"},{"@type":"ListItem","position":3,"name":"Fame"}]},{"@type":"WebSite","@id":"https:\/\/moonstonestables.com\/#website","url":"https:\/\/moonstonestables.com\/","name":"Est\u00e1bulos de Moonstone","description":"Adestramento Rachael Ivtsan","publisher":{"@id":"https:\/\/moonstonestables.com\/#organization"},"alternateName":"Pet Play Unip LDA","potentialAction":[{"@type":"SearchAction","target":{"@type":"EntryPoint","urlTemplate":"https:\/\/moonstonestables.com\/?s={search_term_string}"},"query-input":{"@type":"PropertyValueSpecification","valueRequired":true,"valueName":"search_term_string"}}],"inLanguage":"pt-PT"},{"@type":"Organization","@id":"https:\/\/moonstonestables.com\/#organization","name":"Pet Play Unip LDA","alternateName":"Moonstone Stables","url":"https:\/\/moonstonestables.com\/","logo":{"@type":"ImageObject","inLanguage":"pt-PT","@id":"https:\/\/moonstonestables.com\/#\/schema\/logo\/image\/","url":"https:\/\/moonstonestables.com\/wp-content\/uploads\/2021\/03\/icon.png","contentUrl":"https:\/\/moonstonestables.com\/wp-content\/uploads\/2021\/03\/icon.png","width":1338,"height":403,"caption":"Pet Play Unip LDA"},"image":{"@id":"https:\/\/moonstonestables.com\/#\/schema\/logo\/image\/"},"sameAs":["https:\/\/www.facebook.com\/MoonstoneStablesDressage","https:\/\/www.instagram.com\/moonstonestables_ri\/","https:\/\/www.youtube.com\/channel\/UC2mTyspA1Xe2uJRueVmgZHA"]}]}},"_links":{"self":[{"href":"https:\/\/moonstonestables.com\/pt\/wp-json\/wp\/v2\/product\/4444","targetHints":{"allow":["GET"]}}],"collection":[{"href":"https:\/\/moonstonestables.com\/pt\/wp-json\/wp\/v2\/product"}],"about":[{"href":"https:\/\/moonstonestables.com\/pt\/wp-json\/wp\/v2\/types\/product"}],"wp:featuredmedia":[{"embeddable":true,"href":"https:\/\/moonstonestables.com\/pt\/wp-json\/wp\/v2\/media\/4445"}],"wp:attachment":[{"href":"https:\/\/moonstonestables.com\/pt\/wp-json\/wp\/v2\/media?parent=4444"}],"wp:term":[{"taxonomy":"product_brand","embeddable":true,"href":"https:\/\/moonstonestables.com\/pt\/wp-json\/wp\/v2\/product_brand?post=4444"},{"taxonomy":"product_cat","embeddable":true,"href":"https:\/\/moonstonestables.com\/pt\/wp-json\/wp\/v2\/product_cat?post=4444"},{"taxonomy":"product_tag","embeddable":true,"href":"https:\/\/moonstonestables.com\/pt\/wp-json\/wp\/v2\/product_tag?post=4444"}],"curies":[{"name":"wp","href":"https:\/\/api.w.org\/{rel}","templated":true}]}}