{"id":4340,"date":"2021-05-24T14:33:50","date_gmt":"2021-05-24T13:33:50","guid":{"rendered":"https:\/\/moonstonestables.com\/?post_type=product&#038;p=4340"},"modified":"2024-10-15T10:34:02","modified_gmt":"2024-10-15T09:34:02","slug":"flanagan-havidoff-x-welt-hit-ii","status":"publish","type":"product","link":"https:\/\/moonstonestables.com\/pt\/moonstone-stables\/dressage-horses\/horses-sold-dressage-horses\/flanagan-havidoff-x-welt-hit-ii\/","title":{"rendered":"Flanagan"},"content":{"rendered":"","protected":false},"excerpt":{"rendered":"<h2>Havidoff x Welt Hit II<\/h2>\n<p>Castrado<\/p>\n<p>2010<\/p>\n<p>1,70 m<\/p>\n<p>Castanho escuro<\/p>\n<p style=\"text-align: justify;\">Se voc\u00ea menciona um cavalo com movimentos extremos, voc\u00ea est\u00e1 falando de Flanagan. \u00c9 incr\u00edvel como ele levanta as pernas. Em breve, Rachael come\u00e7ar\u00e1 a competir com esse chamariz em n\u00edveis mais altos.<\/p>\n<p style=\"text-align: justify;\">Flanagan tem um talento imenso e grandes movimentos, mas por causa disso ele realmente precisava de tempo para lidar com tudo em seu corpo. Quando ele chegou ao Moonstone Stables, ele precisava aprender a usar seu corpo da maneira certa. Alguns cavalos exigem uma maneira muito delicada de desenvolver seus corpos porque eles simplesmente oferecem muito a voc\u00ea. Flanagan era um desses cavalos. Para ele, era realmente importante cri\u00e1-lo lentamente para que ele pudesse lidar com o treinamento em seu corpo e mente. Com um cavalo assim, o perigo est\u00e1 em ir r\u00e1pido demais.<\/p>\n<p style=\"text-align: justify;\">N\u00e3o o apressamos, mas sempre tivemos f\u00e9 de que ele seria um cavalo incr\u00edvel. Ele foi algumas vezes a algumas competi\u00e7\u00f5es menores, mas apenas para praticar e treinar em outro lugar. Seus resultados foram muito bons e ele estava realmente disposto a ser guiado na competi\u00e7\u00e3o, s\u00f3 que ele precisa aprender a relaxar um pouco mais o corpo. Ele \u00e9 a pequena joia de Rachael que vai surpreender a todos um dia.<\/p>\n<p style=\"text-align: justify;\">Nos est\u00e1bulos, ele \u00e9 um cavalo t\u00e3o doce e gentil que realmente gosta de receber muita aten\u00e7\u00e3o. Quando ele n\u00e3o recebe, ele pode ficar um pouco impaciente, mas se voc\u00ea estiver ocupado com ele, ele \u00e9 o cavalo mais ador\u00e1vel que voc\u00ea poderia desejar.<\/p>\n<p style=\"text-align: justify;\">Neste momento Flanagan faz tudo do grande tour. \u00c9 s\u00f3 uma quest\u00e3o de tempo para estabilizar tudo antes que Rachael o leve com ela em competi\u00e7\u00f5es novamente para que ele possa mostrar seus talentos para todos. Algo que ele realmente gosta de fazer.<\/p>","protected":false},"featured_media":4341,"template":"","meta":[],"product_brand":[],"product_cat":[84],"product_tag":[],"class_list":{"0":"post-4340","1":"product","2":"type-product","3":"status-publish","4":"has-post-thumbnail","6":"product_cat-horses-sold-dressage-horses","8":"first","9":"instock","10":"shipping-taxable","11":"product-type-simple"},"yoast_head":"<!-- This site is optimized with the Yoast SEO plugin v27.4 - https:\/\/yoast.com\/product\/yoast-seo-wordpress\/ -->\n<title>Flanagan - Moonstone Stables<\/title>\n<meta name=\"robots\" content=\"index, follow, max-snippet:-1, max-image-preview:large, max-video-preview:-1\" \/>\n<link rel=\"canonical\" href=\"https:\/\/moonstonestables.com\/pt\/moonstone-stables\/dressage-horses\/horses-sold-dressage-horses\/flanagan-havidoff-x-welt-hit-ii\/\" \/>\n<meta property=\"og:locale\" content=\"pt_PT\" \/>\n<meta property=\"og:type\" content=\"article\" \/>\n<meta property=\"og:title\" content=\"Flanagan - Moonstone Stables\" \/>\n<meta property=\"og:description\" content=\"Havidoff x Welt Hit II Gelding  2010  1.70 m  Darkbrown If you mention a horse with extreme movements, you are talking about Flanagan. It\u00e2\u20ac\u2122s amazing how he lifts his legs. Soon Rachael will start competing with this eyecatcher at higher levels. Flanagan has an immense talent and big movements, but because of that he really needed the time to handle everything in his body. When he arrived at Moonstone Stables he needed to learn how to use his body in the right way. Some horses require a very delicate way to develop their body\u00e2\u20ac\u2122s because they just offer you too much. Flanagan was such a horse. For him it was really important to bring him up slowly so he could handle the training in his body and mind. With such a horse the danger lies into going too fast. We didn\u00e2\u20ac\u2122t rush him, but always had the faith that he would be an amazing horse. He went a few times to some smaller competitions, but just to practice and to train somewhere else. His results were very well and he was really willing to be guided in the competition, only he needs to learn to relax his body a little more. He\u00e2\u20ac\u2122s Rachael\u00e2\u20ac\u2122s little gem who will blow everyone away one day. In the stables he is such a sweet and gentle horse who really likes to get a lot of attention. When he doesn\u00e2\u20ac\u2122t get it, he can be a little impatient, but if you are busy with him it\u00e2\u20ac\u2122s the most adorable horse you could wish for. At this moment Flanagan does everything from the big tour. It\u00e2\u20ac\u2122s just a matter of time to stabilize everything before Rachael will take him with her on competitions again so he can show his talents to everyone. Something he really likes to do.\" \/>\n<meta property=\"og:url\" content=\"https:\/\/moonstonestables.com\/pt\/moonstone-stables\/dressage-horses\/horses-sold-dressage-horses\/flanagan-havidoff-x-welt-hit-ii\/\" \/>\n<meta property=\"og:site_name\" content=\"Moonstone Stables\" \/>\n<meta property=\"article:publisher\" content=\"https:\/\/www.facebook.com\/MoonstoneStablesDressage\" \/>\n<meta property=\"article:modified_time\" content=\"2024-10-15T09:34:02+00:00\" \/>\n<meta property=\"og:image\" content=\"https:\/\/moonstonestables.com\/wp-content\/uploads\/2021\/05\/Flanagan_Profile.jpg\" \/>\n\t<meta property=\"og:image:width\" content=\"1000\" \/>\n\t<meta property=\"og:image:height\" content=\"1000\" \/>\n\t<meta property=\"og:image:type\" content=\"image\/jpeg\" \/>\n<meta name=\"twitter:card\" content=\"summary_large_image\" \/>\n<script type=\"application\/ld+json\" class=\"yoast-schema-graph\">{\"@context\":\"https:\\\/\\\/schema.org\",\"@graph\":[{\"@type\":\"WebPage\",\"@id\":\"https:\\\/\\\/moonstonestables.com\\\/moonstone-stables\\\/dressage-horses\\\/horses-sold-dressage-horses\\\/flanagan-havidoff-x-welt-hit-ii\\\/\",\"url\":\"https:\\\/\\\/moonstonestables.com\\\/moonstone-stables\\\/dressage-horses\\\/horses-sold-dressage-horses\\\/flanagan-havidoff-x-welt-hit-ii\\\/\",\"name\":\"Flanagan - Moonstone Stables\",\"isPartOf\":{\"@id\":\"https:\\\/\\\/moonstonestables.com\\\/#website\"},\"primaryImageOfPage\":{\"@id\":\"https:\\\/\\\/moonstonestables.com\\\/moonstone-stables\\\/dressage-horses\\\/horses-sold-dressage-horses\\\/flanagan-havidoff-x-welt-hit-ii\\\/#primaryimage\"},\"image\":{\"@id\":\"https:\\\/\\\/moonstonestables.com\\\/moonstone-stables\\\/dressage-horses\\\/horses-sold-dressage-horses\\\/flanagan-havidoff-x-welt-hit-ii\\\/#primaryimage\"},\"thumbnailUrl\":\"https:\\\/\\\/moonstonestables.com\\\/wp-content\\\/uploads\\\/2021\\\/05\\\/Flanagan_Profile.jpg\",\"datePublished\":\"2021-05-24T13:33:50+00:00\",\"dateModified\":\"2024-10-15T09:34:02+00:00\",\"breadcrumb\":{\"@id\":\"https:\\\/\\\/moonstonestables.com\\\/moonstone-stables\\\/dressage-horses\\\/horses-sold-dressage-horses\\\/flanagan-havidoff-x-welt-hit-ii\\\/#breadcrumb\"},\"inLanguage\":\"pt-PT\",\"potentialAction\":[{\"@type\":\"ReadAction\",\"target\":[\"https:\\\/\\\/moonstonestables.com\\\/moonstone-stables\\\/dressage-horses\\\/horses-sold-dressage-horses\\\/flanagan-havidoff-x-welt-hit-ii\\\/\"]}]},{\"@type\":\"ImageObject\",\"inLanguage\":\"pt-PT\",\"@id\":\"https:\\\/\\\/moonstonestables.com\\\/moonstone-stables\\\/dressage-horses\\\/horses-sold-dressage-horses\\\/flanagan-havidoff-x-welt-hit-ii\\\/#primaryimage\",\"url\":\"https:\\\/\\\/moonstonestables.com\\\/wp-content\\\/uploads\\\/2021\\\/05\\\/Flanagan_Profile.jpg\",\"contentUrl\":\"https:\\\/\\\/moonstonestables.com\\\/wp-content\\\/uploads\\\/2021\\\/05\\\/Flanagan_Profile.jpg\",\"width\":1000,\"height\":1000,\"caption\":\"Flanagan Profile\"},{\"@type\":\"BreadcrumbList\",\"@id\":\"https:\\\/\\\/moonstonestables.com\\\/moonstone-stables\\\/dressage-horses\\\/horses-sold-dressage-horses\\\/flanagan-havidoff-x-welt-hit-ii\\\/#breadcrumb\",\"itemListElement\":[{\"@type\":\"ListItem\",\"position\":1,\"name\":\"Home\",\"item\":\"https:\\\/\\\/moonstonestables.com\\\/\"},{\"@type\":\"ListItem\",\"position\":2,\"name\":\"Products\",\"item\":\"https:\\\/\\\/moonstonestables.com\\\/shop\\\/\"},{\"@type\":\"ListItem\",\"position\":3,\"name\":\"Flanagan\"}]},{\"@type\":\"WebSite\",\"@id\":\"https:\\\/\\\/moonstonestables.com\\\/#website\",\"url\":\"https:\\\/\\\/moonstonestables.com\\\/\",\"name\":\"Moonstone Stables\",\"description\":\"Rachael Ivtsan Dressage\",\"publisher\":{\"@id\":\"https:\\\/\\\/moonstonestables.com\\\/#organization\"},\"alternateName\":\"Pet Play Unip LDA\",\"potentialAction\":[{\"@type\":\"SearchAction\",\"target\":{\"@type\":\"EntryPoint\",\"urlTemplate\":\"https:\\\/\\\/moonstonestables.com\\\/?s={search_term_string}\"},\"query-input\":{\"@type\":\"PropertyValueSpecification\",\"valueRequired\":true,\"valueName\":\"search_term_string\"}}],\"inLanguage\":\"pt-PT\"},{\"@type\":\"Organization\",\"@id\":\"https:\\\/\\\/moonstonestables.com\\\/#organization\",\"name\":\"Pet Play Unip LDA\",\"alternateName\":\"Moonstone Stables\",\"url\":\"https:\\\/\\\/moonstonestables.com\\\/\",\"logo\":{\"@type\":\"ImageObject\",\"inLanguage\":\"pt-PT\",\"@id\":\"https:\\\/\\\/moonstonestables.com\\\/#\\\/schema\\\/logo\\\/image\\\/\",\"url\":\"https:\\\/\\\/moonstonestables.com\\\/wp-content\\\/uploads\\\/2021\\\/03\\\/icon.png\",\"contentUrl\":\"https:\\\/\\\/moonstonestables.com\\\/wp-content\\\/uploads\\\/2021\\\/03\\\/icon.png\",\"width\":1338,\"height\":403,\"caption\":\"Pet Play Unip LDA\"},\"image\":{\"@id\":\"https:\\\/\\\/moonstonestables.com\\\/#\\\/schema\\\/logo\\\/image\\\/\"},\"sameAs\":[\"https:\\\/\\\/www.facebook.com\\\/MoonstoneStablesDressage\",\"https:\\\/\\\/www.instagram.com\\\/moonstonestables_ri\\\/\",\"https:\\\/\\\/www.youtube.com\\\/channel\\\/UC2mTyspA1Xe2uJRueVmgZHA\"]}]}<\/script>\n<!-- \/ Yoast SEO plugin. -->","yoast_head_json":{"title":"Flanagan - Est\u00e1bulos da Pedra da Lua","robots":{"index":"index","follow":"follow","max-snippet":"max-snippet:-1","max-image-preview":"max-image-preview:large","max-video-preview":"max-video-preview:-1"},"canonical":"https:\/\/moonstonestables.com\/pt\/moonstone-stables\/dressage-horses\/horses-sold-dressage-horses\/flanagan-havidoff-x-welt-hit-ii\/","og_locale":"pt_PT","og_type":"article","og_title":"Flanagan - Moonstone Stables","og_description":"Havidoff x Welt Hit II Gelding  2010  1.70 m  Darkbrown If you mention a horse with extreme movements, you are talking about Flanagan. It\u00e2\u20ac\u2122s amazing how he lifts his legs. Soon Rachael will start competing with this eyecatcher at higher levels. Flanagan has an immense talent and big movements, but because of that he really needed the time to handle everything in his body. When he arrived at Moonstone Stables he needed to learn how to use his body in the right way. Some horses require a very delicate way to develop their body\u00e2\u20ac\u2122s because they just offer you too much. Flanagan was such a horse. For him it was really important to bring him up slowly so he could handle the training in his body and mind. With such a horse the danger lies into going too fast. We didn\u00e2\u20ac\u2122t rush him, but always had the faith that he would be an amazing horse. He went a few times to some smaller competitions, but just to practice and to train somewhere else. His results were very well and he was really willing to be guided in the competition, only he needs to learn to relax his body a little more. He\u00e2\u20ac\u2122s Rachael\u00e2\u20ac\u2122s little gem who will blow everyone away one day. In the stables he is such a sweet and gentle horse who really likes to get a lot of attention. When he doesn\u00e2\u20ac\u2122t get it, he can be a little impatient, but if you are busy with him it\u00e2\u20ac\u2122s the most adorable horse you could wish for. At this moment Flanagan does everything from the big tour. It\u00e2\u20ac\u2122s just a matter of time to stabilize everything before Rachael will take him with her on competitions again so he can show his talents to everyone. Something he really likes to do.","og_url":"https:\/\/moonstonestables.com\/pt\/moonstone-stables\/dressage-horses\/horses-sold-dressage-horses\/flanagan-havidoff-x-welt-hit-ii\/","og_site_name":"Moonstone Stables","article_publisher":"https:\/\/www.facebook.com\/MoonstoneStablesDressage","article_modified_time":"2024-10-15T09:34:02+00:00","og_image":[{"width":1000,"height":1000,"url":"https:\/\/moonstonestables.com\/wp-content\/uploads\/2021\/05\/Flanagan_Profile.jpg","type":"image\/jpeg"}],"twitter_card":"summary_large_image","schema":{"@context":"https:\/\/schema.org","@graph":[{"@type":"WebPage","@id":"https:\/\/moonstonestables.com\/moonstone-stables\/dressage-horses\/horses-sold-dressage-horses\/flanagan-havidoff-x-welt-hit-ii\/","url":"https:\/\/moonstonestables.com\/moonstone-stables\/dressage-horses\/horses-sold-dressage-horses\/flanagan-havidoff-x-welt-hit-ii\/","name":"Flanagan - Est\u00e1bulos da Pedra da Lua","isPartOf":{"@id":"https:\/\/moonstonestables.com\/#website"},"primaryImageOfPage":{"@id":"https:\/\/moonstonestables.com\/moonstone-stables\/dressage-horses\/horses-sold-dressage-horses\/flanagan-havidoff-x-welt-hit-ii\/#primaryimage"},"image":{"@id":"https:\/\/moonstonestables.com\/moonstone-stables\/dressage-horses\/horses-sold-dressage-horses\/flanagan-havidoff-x-welt-hit-ii\/#primaryimage"},"thumbnailUrl":"https:\/\/moonstonestables.com\/wp-content\/uploads\/2021\/05\/Flanagan_Profile.jpg","datePublished":"2021-05-24T13:33:50+00:00","dateModified":"2024-10-15T09:34:02+00:00","breadcrumb":{"@id":"https:\/\/moonstonestables.com\/moonstone-stables\/dressage-horses\/horses-sold-dressage-horses\/flanagan-havidoff-x-welt-hit-ii\/#breadcrumb"},"inLanguage":"pt-PT","potentialAction":[{"@type":"ReadAction","target":["https:\/\/moonstonestables.com\/moonstone-stables\/dressage-horses\/horses-sold-dressage-horses\/flanagan-havidoff-x-welt-hit-ii\/"]}]},{"@type":"ImageObject","inLanguage":"pt-PT","@id":"https:\/\/moonstonestables.com\/moonstone-stables\/dressage-horses\/horses-sold-dressage-horses\/flanagan-havidoff-x-welt-hit-ii\/#primaryimage","url":"https:\/\/moonstonestables.com\/wp-content\/uploads\/2021\/05\/Flanagan_Profile.jpg","contentUrl":"https:\/\/moonstonestables.com\/wp-content\/uploads\/2021\/05\/Flanagan_Profile.jpg","width":1000,"height":1000,"caption":"Flanagan Profile"},{"@type":"BreadcrumbList","@id":"https:\/\/moonstonestables.com\/moonstone-stables\/dressage-horses\/horses-sold-dressage-horses\/flanagan-havidoff-x-welt-hit-ii\/#breadcrumb","itemListElement":[{"@type":"ListItem","position":1,"name":"Home","item":"https:\/\/moonstonestables.com\/"},{"@type":"ListItem","position":2,"name":"Products","item":"https:\/\/moonstonestables.com\/shop\/"},{"@type":"ListItem","position":3,"name":"Flanagan"}]},{"@type":"WebSite","@id":"https:\/\/moonstonestables.com\/#website","url":"https:\/\/moonstonestables.com\/","name":"Est\u00e1bulos de Moonstone","description":"Adestramento Rachael Ivtsan","publisher":{"@id":"https:\/\/moonstonestables.com\/#organization"},"alternateName":"Pet Play Unip LDA","potentialAction":[{"@type":"SearchAction","target":{"@type":"EntryPoint","urlTemplate":"https:\/\/moonstonestables.com\/?s={search_term_string}"},"query-input":{"@type":"PropertyValueSpecification","valueRequired":true,"valueName":"search_term_string"}}],"inLanguage":"pt-PT"},{"@type":"Organization","@id":"https:\/\/moonstonestables.com\/#organization","name":"Pet Play Unip LDA","alternateName":"Moonstone Stables","url":"https:\/\/moonstonestables.com\/","logo":{"@type":"ImageObject","inLanguage":"pt-PT","@id":"https:\/\/moonstonestables.com\/#\/schema\/logo\/image\/","url":"https:\/\/moonstonestables.com\/wp-content\/uploads\/2021\/03\/icon.png","contentUrl":"https:\/\/moonstonestables.com\/wp-content\/uploads\/2021\/03\/icon.png","width":1338,"height":403,"caption":"Pet Play Unip LDA"},"image":{"@id":"https:\/\/moonstonestables.com\/#\/schema\/logo\/image\/"},"sameAs":["https:\/\/www.facebook.com\/MoonstoneStablesDressage","https:\/\/www.instagram.com\/moonstonestables_ri\/","https:\/\/www.youtube.com\/channel\/UC2mTyspA1Xe2uJRueVmgZHA"]}]}},"_links":{"self":[{"href":"https:\/\/moonstonestables.com\/pt\/wp-json\/wp\/v2\/product\/4340","targetHints":{"allow":["GET"]}}],"collection":[{"href":"https:\/\/moonstonestables.com\/pt\/wp-json\/wp\/v2\/product"}],"about":[{"href":"https:\/\/moonstonestables.com\/pt\/wp-json\/wp\/v2\/types\/product"}],"wp:featuredmedia":[{"embeddable":true,"href":"https:\/\/moonstonestables.com\/pt\/wp-json\/wp\/v2\/media\/4341"}],"wp:attachment":[{"href":"https:\/\/moonstonestables.com\/pt\/wp-json\/wp\/v2\/media?parent=4340"}],"wp:term":[{"taxonomy":"product_brand","embeddable":true,"href":"https:\/\/moonstonestables.com\/pt\/wp-json\/wp\/v2\/product_brand?post=4340"},{"taxonomy":"product_cat","embeddable":true,"href":"https:\/\/moonstonestables.com\/pt\/wp-json\/wp\/v2\/product_cat?post=4340"},{"taxonomy":"product_tag","embeddable":true,"href":"https:\/\/moonstonestables.com\/pt\/wp-json\/wp\/v2\/product_tag?post=4340"}],"curies":[{"name":"wp","href":"https:\/\/api.w.org\/{rel}","templated":true}]}}