{"id":4237,"date":"2021-05-14T16:02:19","date_gmt":"2021-05-14T15:02:19","guid":{"rendered":"https:\/\/moonstonestables.com\/?post_type=product&#038;p=4237"},"modified":"2024-10-15T10:34:35","modified_gmt":"2024-10-15T09:34:35","slug":"inca-bretton-woods-x-calypso","status":"publish","type":"product","link":"https:\/\/moonstonestables.com\/pt\/moonstone-stables\/dressage-horses\/horses-sold-dressage-horses\/inca-bretton-woods-x-calypso\/","title":{"rendered":"Em maio CR"},"content":{"rendered":"","protected":false},"excerpt":{"rendered":"<h2 class=\"title style-scope ytd-video-primary-info-renderer\">Bretton Woods x Caproni<\/h2>\n<p>\u00c9gua<\/p>\n<p>2012<\/p>\n<p>1,68 metros<\/p>\n<p>N\u00edvel PSG<\/p>\n<p>Em maio CR \u00e9 uma \u00e9gua castanha extremamente talentosa e sensata. Voc\u00ea est\u00e1 procurando um cavalo para brilhar no mais alto n\u00edvel? Talvez In May CR seja o seu par.<\/p>","protected":false},"featured_media":4249,"template":"","meta":[],"product_brand":[],"product_cat":[33,84],"product_tag":[],"class_list":{"0":"post-4237","1":"product","2":"type-product","3":"status-publish","4":"has-post-thumbnail","6":"product_cat-dressage-horses","7":"product_cat-horses-sold-dressage-horses","9":"first","10":"instock","11":"shipping-taxable","12":"product-type-simple"},"yoast_head":"<!-- This site is optimized with the Yoast SEO plugin v27.4 - https:\/\/yoast.com\/product\/yoast-seo-wordpress\/ -->\n<title>In May C. R. - Moonstone Stables<\/title>\n<meta name=\"robots\" content=\"index, follow, max-snippet:-1, max-image-preview:large, max-video-preview:-1\" \/>\n<link rel=\"canonical\" href=\"https:\/\/moonstonestables.com\/pt\/moonstone-stables\/dressage-horses\/horses-sold-dressage-horses\/inca-bretton-woods-x-calypso\/\" \/>\n<meta property=\"og:locale\" content=\"pt_PT\" \/>\n<meta property=\"og:type\" content=\"article\" \/>\n<meta property=\"og:title\" content=\"In May C. R. - Moonstone Stables\" \/>\n<meta property=\"og:description\" content=\"Bretton Woods x Caproni Mare  2012  1.68 m  Level PSG  In May C. R. is extremely talented, sensible chestnut mare. Are you looking for a horse to shine at the highest level? Maybe In May C. R. is your match.\" \/>\n<meta property=\"og:url\" content=\"https:\/\/moonstonestables.com\/pt\/moonstone-stables\/dressage-horses\/horses-sold-dressage-horses\/inca-bretton-woods-x-calypso\/\" \/>\n<meta property=\"og:site_name\" content=\"Moonstone Stables\" \/>\n<meta property=\"article:publisher\" content=\"https:\/\/www.facebook.com\/MoonstoneStablesDressage\" \/>\n<meta property=\"article:modified_time\" content=\"2024-10-15T09:34:35+00:00\" \/>\n<meta property=\"og:image\" content=\"https:\/\/moonstonestables.com\/wp-content\/uploads\/2021\/05\/Inca_Profile2.jpg\" \/>\n\t<meta property=\"og:image:width\" content=\"1000\" \/>\n\t<meta property=\"og:image:height\" content=\"1000\" \/>\n\t<meta property=\"og:image:type\" content=\"image\/jpeg\" \/>\n<meta name=\"twitter:card\" content=\"summary_large_image\" \/>\n<script type=\"application\/ld+json\" class=\"yoast-schema-graph\">{\"@context\":\"https:\\\/\\\/schema.org\",\"@graph\":[{\"@type\":\"WebPage\",\"@id\":\"https:\\\/\\\/moonstonestables.com\\\/moonstone-stables\\\/dressage-horses\\\/horses-sold-dressage-horses\\\/inca-bretton-woods-x-calypso\\\/\",\"url\":\"https:\\\/\\\/moonstonestables.com\\\/moonstone-stables\\\/dressage-horses\\\/horses-sold-dressage-horses\\\/inca-bretton-woods-x-calypso\\\/\",\"name\":\"In May C. R. - Moonstone Stables\",\"isPartOf\":{\"@id\":\"https:\\\/\\\/moonstonestables.com\\\/#website\"},\"primaryImageOfPage\":{\"@id\":\"https:\\\/\\\/moonstonestables.com\\\/moonstone-stables\\\/dressage-horses\\\/horses-sold-dressage-horses\\\/inca-bretton-woods-x-calypso\\\/#primaryimage\"},\"image\":{\"@id\":\"https:\\\/\\\/moonstonestables.com\\\/moonstone-stables\\\/dressage-horses\\\/horses-sold-dressage-horses\\\/inca-bretton-woods-x-calypso\\\/#primaryimage\"},\"thumbnailUrl\":\"https:\\\/\\\/moonstonestables.com\\\/wp-content\\\/uploads\\\/2021\\\/05\\\/Inca_Profile2.jpg\",\"datePublished\":\"2021-05-14T15:02:19+00:00\",\"dateModified\":\"2024-10-15T09:34:35+00:00\",\"breadcrumb\":{\"@id\":\"https:\\\/\\\/moonstonestables.com\\\/moonstone-stables\\\/dressage-horses\\\/horses-sold-dressage-horses\\\/inca-bretton-woods-x-calypso\\\/#breadcrumb\"},\"inLanguage\":\"pt-PT\",\"potentialAction\":[{\"@type\":\"ReadAction\",\"target\":[\"https:\\\/\\\/moonstonestables.com\\\/moonstone-stables\\\/dressage-horses\\\/horses-sold-dressage-horses\\\/inca-bretton-woods-x-calypso\\\/\"]}]},{\"@type\":\"ImageObject\",\"inLanguage\":\"pt-PT\",\"@id\":\"https:\\\/\\\/moonstonestables.com\\\/moonstone-stables\\\/dressage-horses\\\/horses-sold-dressage-horses\\\/inca-bretton-woods-x-calypso\\\/#primaryimage\",\"url\":\"https:\\\/\\\/moonstonestables.com\\\/wp-content\\\/uploads\\\/2021\\\/05\\\/Inca_Profile2.jpg\",\"contentUrl\":\"https:\\\/\\\/moonstonestables.com\\\/wp-content\\\/uploads\\\/2021\\\/05\\\/Inca_Profile2.jpg\",\"width\":1000,\"height\":1000,\"caption\":\"Inca Profile\"},{\"@type\":\"BreadcrumbList\",\"@id\":\"https:\\\/\\\/moonstonestables.com\\\/moonstone-stables\\\/dressage-horses\\\/horses-sold-dressage-horses\\\/inca-bretton-woods-x-calypso\\\/#breadcrumb\",\"itemListElement\":[{\"@type\":\"ListItem\",\"position\":1,\"name\":\"Home\",\"item\":\"https:\\\/\\\/moonstonestables.com\\\/\"},{\"@type\":\"ListItem\",\"position\":2,\"name\":\"Products\",\"item\":\"https:\\\/\\\/moonstonestables.com\\\/shop\\\/\"},{\"@type\":\"ListItem\",\"position\":3,\"name\":\"In May C. R.\"}]},{\"@type\":\"WebSite\",\"@id\":\"https:\\\/\\\/moonstonestables.com\\\/#website\",\"url\":\"https:\\\/\\\/moonstonestables.com\\\/\",\"name\":\"Moonstone Stables\",\"description\":\"Rachael Ivtsan Dressage\",\"publisher\":{\"@id\":\"https:\\\/\\\/moonstonestables.com\\\/#organization\"},\"alternateName\":\"Pet Play Unip LDA\",\"potentialAction\":[{\"@type\":\"SearchAction\",\"target\":{\"@type\":\"EntryPoint\",\"urlTemplate\":\"https:\\\/\\\/moonstonestables.com\\\/?s={search_term_string}\"},\"query-input\":{\"@type\":\"PropertyValueSpecification\",\"valueRequired\":true,\"valueName\":\"search_term_string\"}}],\"inLanguage\":\"pt-PT\"},{\"@type\":\"Organization\",\"@id\":\"https:\\\/\\\/moonstonestables.com\\\/#organization\",\"name\":\"Pet Play Unip LDA\",\"alternateName\":\"Moonstone Stables\",\"url\":\"https:\\\/\\\/moonstonestables.com\\\/\",\"logo\":{\"@type\":\"ImageObject\",\"inLanguage\":\"pt-PT\",\"@id\":\"https:\\\/\\\/moonstonestables.com\\\/#\\\/schema\\\/logo\\\/image\\\/\",\"url\":\"https:\\\/\\\/moonstonestables.com\\\/wp-content\\\/uploads\\\/2021\\\/03\\\/icon.png\",\"contentUrl\":\"https:\\\/\\\/moonstonestables.com\\\/wp-content\\\/uploads\\\/2021\\\/03\\\/icon.png\",\"width\":1338,\"height\":403,\"caption\":\"Pet Play Unip LDA\"},\"image\":{\"@id\":\"https:\\\/\\\/moonstonestables.com\\\/#\\\/schema\\\/logo\\\/image\\\/\"},\"sameAs\":[\"https:\\\/\\\/www.facebook.com\\\/MoonstoneStablesDressage\",\"https:\\\/\\\/www.instagram.com\\\/moonstonestables_ri\\\/\",\"https:\\\/\\\/www.youtube.com\\\/channel\\\/UC2mTyspA1Xe2uJRueVmgZHA\"]}]}<\/script>\n<!-- \/ Yoast SEO plugin. -->","yoast_head_json":{"title":"Em maio CR - Est\u00e1bulos da Pedra da Lua","robots":{"index":"index","follow":"follow","max-snippet":"max-snippet:-1","max-image-preview":"max-image-preview:large","max-video-preview":"max-video-preview:-1"},"canonical":"https:\/\/moonstonestables.com\/pt\/moonstone-stables\/dressage-horses\/horses-sold-dressage-horses\/inca-bretton-woods-x-calypso\/","og_locale":"pt_PT","og_type":"article","og_title":"In May C. R. - Moonstone Stables","og_description":"Bretton Woods x Caproni Mare  2012  1.68 m  Level PSG  In May C. R. is extremely talented, sensible chestnut mare. Are you looking for a horse to shine at the highest level? Maybe In May C. R. is your match.","og_url":"https:\/\/moonstonestables.com\/pt\/moonstone-stables\/dressage-horses\/horses-sold-dressage-horses\/inca-bretton-woods-x-calypso\/","og_site_name":"Moonstone Stables","article_publisher":"https:\/\/www.facebook.com\/MoonstoneStablesDressage","article_modified_time":"2024-10-15T09:34:35+00:00","og_image":[{"width":1000,"height":1000,"url":"https:\/\/moonstonestables.com\/wp-content\/uploads\/2021\/05\/Inca_Profile2.jpg","type":"image\/jpeg"}],"twitter_card":"summary_large_image","schema":{"@context":"https:\/\/schema.org","@graph":[{"@type":"WebPage","@id":"https:\/\/moonstonestables.com\/moonstone-stables\/dressage-horses\/horses-sold-dressage-horses\/inca-bretton-woods-x-calypso\/","url":"https:\/\/moonstonestables.com\/moonstone-stables\/dressage-horses\/horses-sold-dressage-horses\/inca-bretton-woods-x-calypso\/","name":"Em maio CR - Est\u00e1bulos da Pedra da Lua","isPartOf":{"@id":"https:\/\/moonstonestables.com\/#website"},"primaryImageOfPage":{"@id":"https:\/\/moonstonestables.com\/moonstone-stables\/dressage-horses\/horses-sold-dressage-horses\/inca-bretton-woods-x-calypso\/#primaryimage"},"image":{"@id":"https:\/\/moonstonestables.com\/moonstone-stables\/dressage-horses\/horses-sold-dressage-horses\/inca-bretton-woods-x-calypso\/#primaryimage"},"thumbnailUrl":"https:\/\/moonstonestables.com\/wp-content\/uploads\/2021\/05\/Inca_Profile2.jpg","datePublished":"2021-05-14T15:02:19+00:00","dateModified":"2024-10-15T09:34:35+00:00","breadcrumb":{"@id":"https:\/\/moonstonestables.com\/moonstone-stables\/dressage-horses\/horses-sold-dressage-horses\/inca-bretton-woods-x-calypso\/#breadcrumb"},"inLanguage":"pt-PT","potentialAction":[{"@type":"ReadAction","target":["https:\/\/moonstonestables.com\/moonstone-stables\/dressage-horses\/horses-sold-dressage-horses\/inca-bretton-woods-x-calypso\/"]}]},{"@type":"ImageObject","inLanguage":"pt-PT","@id":"https:\/\/moonstonestables.com\/moonstone-stables\/dressage-horses\/horses-sold-dressage-horses\/inca-bretton-woods-x-calypso\/#primaryimage","url":"https:\/\/moonstonestables.com\/wp-content\/uploads\/2021\/05\/Inca_Profile2.jpg","contentUrl":"https:\/\/moonstonestables.com\/wp-content\/uploads\/2021\/05\/Inca_Profile2.jpg","width":1000,"height":1000,"caption":"Inca Profile"},{"@type":"BreadcrumbList","@id":"https:\/\/moonstonestables.com\/moonstone-stables\/dressage-horses\/horses-sold-dressage-horses\/inca-bretton-woods-x-calypso\/#breadcrumb","itemListElement":[{"@type":"ListItem","position":1,"name":"Home","item":"https:\/\/moonstonestables.com\/"},{"@type":"ListItem","position":2,"name":"Products","item":"https:\/\/moonstonestables.com\/shop\/"},{"@type":"ListItem","position":3,"name":"In May C. R."}]},{"@type":"WebSite","@id":"https:\/\/moonstonestables.com\/#website","url":"https:\/\/moonstonestables.com\/","name":"Est\u00e1bulos de Moonstone","description":"Adestramento Rachael Ivtsan","publisher":{"@id":"https:\/\/moonstonestables.com\/#organization"},"alternateName":"Pet Play Unip LDA","potentialAction":[{"@type":"SearchAction","target":{"@type":"EntryPoint","urlTemplate":"https:\/\/moonstonestables.com\/?s={search_term_string}"},"query-input":{"@type":"PropertyValueSpecification","valueRequired":true,"valueName":"search_term_string"}}],"inLanguage":"pt-PT"},{"@type":"Organization","@id":"https:\/\/moonstonestables.com\/#organization","name":"Pet Play Unip LDA","alternateName":"Moonstone Stables","url":"https:\/\/moonstonestables.com\/","logo":{"@type":"ImageObject","inLanguage":"pt-PT","@id":"https:\/\/moonstonestables.com\/#\/schema\/logo\/image\/","url":"https:\/\/moonstonestables.com\/wp-content\/uploads\/2021\/03\/icon.png","contentUrl":"https:\/\/moonstonestables.com\/wp-content\/uploads\/2021\/03\/icon.png","width":1338,"height":403,"caption":"Pet Play Unip LDA"},"image":{"@id":"https:\/\/moonstonestables.com\/#\/schema\/logo\/image\/"},"sameAs":["https:\/\/www.facebook.com\/MoonstoneStablesDressage","https:\/\/www.instagram.com\/moonstonestables_ri\/","https:\/\/www.youtube.com\/channel\/UC2mTyspA1Xe2uJRueVmgZHA"]}]}},"_links":{"self":[{"href":"https:\/\/moonstonestables.com\/pt\/wp-json\/wp\/v2\/product\/4237","targetHints":{"allow":["GET"]}}],"collection":[{"href":"https:\/\/moonstonestables.com\/pt\/wp-json\/wp\/v2\/product"}],"about":[{"href":"https:\/\/moonstonestables.com\/pt\/wp-json\/wp\/v2\/types\/product"}],"wp:featuredmedia":[{"embeddable":true,"href":"https:\/\/moonstonestables.com\/pt\/wp-json\/wp\/v2\/media\/4249"}],"wp:attachment":[{"href":"https:\/\/moonstonestables.com\/pt\/wp-json\/wp\/v2\/media?parent=4237"}],"wp:term":[{"taxonomy":"product_brand","embeddable":true,"href":"https:\/\/moonstonestables.com\/pt\/wp-json\/wp\/v2\/product_brand?post=4237"},{"taxonomy":"product_cat","embeddable":true,"href":"https:\/\/moonstonestables.com\/pt\/wp-json\/wp\/v2\/product_cat?post=4237"},{"taxonomy":"product_tag","embeddable":true,"href":"https:\/\/moonstonestables.com\/pt\/wp-json\/wp\/v2\/product_tag?post=4237"}],"curies":[{"name":"wp","href":"https:\/\/api.w.org\/{rel}","templated":true}]}}