{"id":4199,"date":"2021-05-14T13:38:14","date_gmt":"2021-05-14T12:38:14","guid":{"rendered":"https:\/\/moonstonestables.com\/?post_type=product&#038;p=4199"},"modified":"2022-03-11T14:11:37","modified_gmt":"2022-03-11T14:11:37","slug":"edi-johnson-x-gribaldi","status":"publish","type":"product","link":"https:\/\/moonstonestables.com\/pt\/moonstone-stables\/dressage-horses\/rachaels-horses\/edi-johnson-x-gribaldi\/","title":{"rendered":"Edi"},"content":{"rendered":"","protected":false},"excerpt":{"rendered":"<h2 class=\"title style-scope ytd-video-primary-info-renderer\" style=\"text-align: justify;\">Johnson x Gribaldi<\/h2>\n<p style=\"text-align: justify;\">Castrado<\/p>\n<p style=\"text-align: justify;\">2009<\/p>\n<p style=\"text-align: justify;\">1,72 m<\/p>\n<p style=\"text-align: justify;\">Marrom<\/p>\n<p style=\"text-align: justify;\">Edi \u00e9 um verdadeiro brincalh\u00e3o, mas por tr\u00e1s dessa personalidade borbulhante esconde-se um cavalo muito talentoso. Edi est\u00e1 competindo no n\u00edvel Grand Prix com Rachael.<\/p>\n<p style=\"text-align: justify;\">Edi n\u00e3o \u00e9 apenas um superatl\u00e9tico e um mister incrivelmente talentoso, mas ele tamb\u00e9m \u00e9 superanimado com a vida. Ele realmente ama sua vida e a mostra para qualquer um que esteja olhando para ele. Se voc\u00ea fala sobre um cavalo com muita confian\u00e7a em si mesmo, \u00e9 Edi. Ele \u00e9 um cavalo muito talentoso, mas voc\u00ea precisa ser um pouco inteligente para mont\u00e1-lo.<\/p>\n<p style=\"text-align: justify;\">Recentemente Rachael competiu com Edi a no n\u00edvel Grand Prix, no qual ele se destaca nos exerc\u00edcios coletados e onde seu talento para piaffe e passagem se mostra. Isso mostra que poderia ser melhor, mas foi mais um teste para ver como ele reagiria nas competi\u00e7\u00f5es. Ent\u00e3o agora sabemos o que trabalhar no teste e sua hora est\u00e1 chegando.<\/p>","protected":false},"featured_media":4203,"template":"","meta":[],"product_brand":[],"product_cat":[33,79],"product_tag":[],"class_list":{"0":"post-4199","1":"product","2":"type-product","3":"status-publish","4":"has-post-thumbnail","6":"product_cat-dressage-horses","7":"product_cat-rachaels-horses","9":"first","10":"instock","11":"shipping-taxable","12":"product-type-simple"},"yoast_head":"<!-- This site is optimized with the Yoast SEO plugin v27.3 - https:\/\/yoast.com\/product\/yoast-seo-wordpress\/ -->\n<title>Edi - Moonstone Stables<\/title>\n<meta name=\"robots\" content=\"index, follow, max-snippet:-1, max-image-preview:large, max-video-preview:-1\" \/>\n<link rel=\"canonical\" href=\"https:\/\/moonstonestables.com\/pt\/moonstone-stables\/dressage-horses\/rachaels-horses\/edi-johnson-x-gribaldi\/\" \/>\n<meta property=\"og:locale\" content=\"pt_PT\" \/>\n<meta property=\"og:type\" content=\"article\" \/>\n<meta property=\"og:title\" content=\"Edi - Moonstone Stables\" \/>\n<meta property=\"og:description\" content=\"Johnson x Gribaldi Gelding 2009 1.72 m Brown Edi is a real joker, but behind this bubbly personality hides a very talented horse. Edi is competing at Grand Prix level with Rachael. Edi is not only a super athletic and amazing talented mister, but he is also super excited about life. He really loves his life and shows it to anyone who\u00e2\u20ac\u2122s looking at him. If you talk about a horse with a lot of confident in himself, it\u00e2\u20ac\u2122s Edi. He is a very talented horse, but you need to be a little clever to ride him. Recently Rachael competed Edi a at Grand Prix level, in which he excels in the collected exercises and where his talent for piaffe and passage shows off. That shows could be better, but it was more a test to see how he was going to react on competitions. So now we know what to work on in the test and his time is coming.\" \/>\n<meta property=\"og:url\" content=\"https:\/\/moonstonestables.com\/pt\/moonstone-stables\/dressage-horses\/rachaels-horses\/edi-johnson-x-gribaldi\/\" \/>\n<meta property=\"og:site_name\" content=\"Moonstone Stables\" \/>\n<meta property=\"article:publisher\" content=\"https:\/\/www.facebook.com\/MoonstoneStablesDressage\" \/>\n<meta property=\"article:modified_time\" content=\"2022-03-11T14:11:37+00:00\" \/>\n<meta property=\"og:image\" content=\"https:\/\/moonstonestables.com\/wp-content\/uploads\/2021\/05\/Edi_Profile.jpg\" \/>\n\t<meta property=\"og:image:width\" content=\"1001\" \/>\n\t<meta property=\"og:image:height\" content=\"1000\" \/>\n\t<meta property=\"og:image:type\" content=\"image\/jpeg\" \/>\n<meta name=\"twitter:card\" content=\"summary_large_image\" \/>\n<script type=\"application\/ld+json\" class=\"yoast-schema-graph\">{\"@context\":\"https:\\\/\\\/schema.org\",\"@graph\":[{\"@type\":\"WebPage\",\"@id\":\"https:\\\/\\\/moonstonestables.com\\\/moonstone-stables\\\/dressage-horses\\\/rachaels-horses\\\/edi-johnson-x-gribaldi\\\/\",\"url\":\"https:\\\/\\\/moonstonestables.com\\\/moonstone-stables\\\/dressage-horses\\\/rachaels-horses\\\/edi-johnson-x-gribaldi\\\/\",\"name\":\"Edi - Moonstone Stables\",\"isPartOf\":{\"@id\":\"https:\\\/\\\/moonstonestables.com\\\/#website\"},\"primaryImageOfPage\":{\"@id\":\"https:\\\/\\\/moonstonestables.com\\\/moonstone-stables\\\/dressage-horses\\\/rachaels-horses\\\/edi-johnson-x-gribaldi\\\/#primaryimage\"},\"image\":{\"@id\":\"https:\\\/\\\/moonstonestables.com\\\/moonstone-stables\\\/dressage-horses\\\/rachaels-horses\\\/edi-johnson-x-gribaldi\\\/#primaryimage\"},\"thumbnailUrl\":\"https:\\\/\\\/moonstonestables.com\\\/wp-content\\\/uploads\\\/2021\\\/05\\\/Edi_Profile.jpg\",\"datePublished\":\"2021-05-14T12:38:14+00:00\",\"dateModified\":\"2022-03-11T14:11:37+00:00\",\"breadcrumb\":{\"@id\":\"https:\\\/\\\/moonstonestables.com\\\/moonstone-stables\\\/dressage-horses\\\/rachaels-horses\\\/edi-johnson-x-gribaldi\\\/#breadcrumb\"},\"inLanguage\":\"pt-PT\",\"potentialAction\":[{\"@type\":\"ReadAction\",\"target\":[\"https:\\\/\\\/moonstonestables.com\\\/moonstone-stables\\\/dressage-horses\\\/rachaels-horses\\\/edi-johnson-x-gribaldi\\\/\"]}]},{\"@type\":\"ImageObject\",\"inLanguage\":\"pt-PT\",\"@id\":\"https:\\\/\\\/moonstonestables.com\\\/moonstone-stables\\\/dressage-horses\\\/rachaels-horses\\\/edi-johnson-x-gribaldi\\\/#primaryimage\",\"url\":\"https:\\\/\\\/moonstonestables.com\\\/wp-content\\\/uploads\\\/2021\\\/05\\\/Edi_Profile.jpg\",\"contentUrl\":\"https:\\\/\\\/moonstonestables.com\\\/wp-content\\\/uploads\\\/2021\\\/05\\\/Edi_Profile.jpg\",\"width\":1001,\"height\":1000,\"caption\":\"Edi Profile\"},{\"@type\":\"BreadcrumbList\",\"@id\":\"https:\\\/\\\/moonstonestables.com\\\/moonstone-stables\\\/dressage-horses\\\/rachaels-horses\\\/edi-johnson-x-gribaldi\\\/#breadcrumb\",\"itemListElement\":[{\"@type\":\"ListItem\",\"position\":1,\"name\":\"Home\",\"item\":\"https:\\\/\\\/moonstonestables.com\\\/\"},{\"@type\":\"ListItem\",\"position\":2,\"name\":\"Products\",\"item\":\"https:\\\/\\\/moonstonestables.com\\\/shop\\\/\"},{\"@type\":\"ListItem\",\"position\":3,\"name\":\"Edi\"}]},{\"@type\":\"WebSite\",\"@id\":\"https:\\\/\\\/moonstonestables.com\\\/#website\",\"url\":\"https:\\\/\\\/moonstonestables.com\\\/\",\"name\":\"Moonstone Stables\",\"description\":\"Rachael Ivtsan Dressage\",\"publisher\":{\"@id\":\"https:\\\/\\\/moonstonestables.com\\\/#organization\"},\"alternateName\":\"Pet Play Unip LDA\",\"potentialAction\":[{\"@type\":\"SearchAction\",\"target\":{\"@type\":\"EntryPoint\",\"urlTemplate\":\"https:\\\/\\\/moonstonestables.com\\\/?s={search_term_string}\"},\"query-input\":{\"@type\":\"PropertyValueSpecification\",\"valueRequired\":true,\"valueName\":\"search_term_string\"}}],\"inLanguage\":\"pt-PT\"},{\"@type\":\"Organization\",\"@id\":\"https:\\\/\\\/moonstonestables.com\\\/#organization\",\"name\":\"Pet Play Unip LDA\",\"alternateName\":\"Moonstone Stables\",\"url\":\"https:\\\/\\\/moonstonestables.com\\\/\",\"logo\":{\"@type\":\"ImageObject\",\"inLanguage\":\"pt-PT\",\"@id\":\"https:\\\/\\\/moonstonestables.com\\\/#\\\/schema\\\/logo\\\/image\\\/\",\"url\":\"https:\\\/\\\/moonstonestables.com\\\/wp-content\\\/uploads\\\/2021\\\/03\\\/icon.png\",\"contentUrl\":\"https:\\\/\\\/moonstonestables.com\\\/wp-content\\\/uploads\\\/2021\\\/03\\\/icon.png\",\"width\":1338,\"height\":403,\"caption\":\"Pet Play Unip LDA\"},\"image\":{\"@id\":\"https:\\\/\\\/moonstonestables.com\\\/#\\\/schema\\\/logo\\\/image\\\/\"},\"sameAs\":[\"https:\\\/\\\/www.facebook.com\\\/MoonstoneStablesDressage\",\"https:\\\/\\\/www.instagram.com\\\/moonstonestables_ri\\\/\",\"https:\\\/\\\/www.youtube.com\\\/channel\\\/UC2mTyspA1Xe2uJRueVmgZHA\"]}]}<\/script>\n<!-- \/ Yoast SEO plugin. -->","yoast_head_json":{"title":"Edi - Moonstone Stables","robots":{"index":"index","follow":"follow","max-snippet":"max-snippet:-1","max-image-preview":"max-image-preview:large","max-video-preview":"max-video-preview:-1"},"canonical":"https:\/\/moonstonestables.com\/pt\/moonstone-stables\/dressage-horses\/rachaels-horses\/edi-johnson-x-gribaldi\/","og_locale":"pt_PT","og_type":"article","og_title":"Edi - Moonstone Stables","og_description":"Johnson x Gribaldi Gelding 2009 1.72 m Brown Edi is a real joker, but behind this bubbly personality hides a very talented horse. Edi is competing at Grand Prix level with Rachael. Edi is not only a super athletic and amazing talented mister, but he is also super excited about life. He really loves his life and shows it to anyone who\u00e2\u20ac\u2122s looking at him. If you talk about a horse with a lot of confident in himself, it\u00e2\u20ac\u2122s Edi. He is a very talented horse, but you need to be a little clever to ride him. Recently Rachael competed Edi a at Grand Prix level, in which he excels in the collected exercises and where his talent for piaffe and passage shows off. That shows could be better, but it was more a test to see how he was going to react on competitions. So now we know what to work on in the test and his time is coming.","og_url":"https:\/\/moonstonestables.com\/pt\/moonstone-stables\/dressage-horses\/rachaels-horses\/edi-johnson-x-gribaldi\/","og_site_name":"Moonstone Stables","article_publisher":"https:\/\/www.facebook.com\/MoonstoneStablesDressage","article_modified_time":"2022-03-11T14:11:37+00:00","og_image":[{"width":1001,"height":1000,"url":"https:\/\/moonstonestables.com\/wp-content\/uploads\/2021\/05\/Edi_Profile.jpg","type":"image\/jpeg"}],"twitter_card":"summary_large_image","schema":{"@context":"https:\/\/schema.org","@graph":[{"@type":"WebPage","@id":"https:\/\/moonstonestables.com\/moonstone-stables\/dressage-horses\/rachaels-horses\/edi-johnson-x-gribaldi\/","url":"https:\/\/moonstonestables.com\/moonstone-stables\/dressage-horses\/rachaels-horses\/edi-johnson-x-gribaldi\/","name":"Edi - Moonstone Stables","isPartOf":{"@id":"https:\/\/moonstonestables.com\/#website"},"primaryImageOfPage":{"@id":"https:\/\/moonstonestables.com\/moonstone-stables\/dressage-horses\/rachaels-horses\/edi-johnson-x-gribaldi\/#primaryimage"},"image":{"@id":"https:\/\/moonstonestables.com\/moonstone-stables\/dressage-horses\/rachaels-horses\/edi-johnson-x-gribaldi\/#primaryimage"},"thumbnailUrl":"https:\/\/moonstonestables.com\/wp-content\/uploads\/2021\/05\/Edi_Profile.jpg","datePublished":"2021-05-14T12:38:14+00:00","dateModified":"2022-03-11T14:11:37+00:00","breadcrumb":{"@id":"https:\/\/moonstonestables.com\/moonstone-stables\/dressage-horses\/rachaels-horses\/edi-johnson-x-gribaldi\/#breadcrumb"},"inLanguage":"pt-PT","potentialAction":[{"@type":"ReadAction","target":["https:\/\/moonstonestables.com\/moonstone-stables\/dressage-horses\/rachaels-horses\/edi-johnson-x-gribaldi\/"]}]},{"@type":"ImageObject","inLanguage":"pt-PT","@id":"https:\/\/moonstonestables.com\/moonstone-stables\/dressage-horses\/rachaels-horses\/edi-johnson-x-gribaldi\/#primaryimage","url":"https:\/\/moonstonestables.com\/wp-content\/uploads\/2021\/05\/Edi_Profile.jpg","contentUrl":"https:\/\/moonstonestables.com\/wp-content\/uploads\/2021\/05\/Edi_Profile.jpg","width":1001,"height":1000,"caption":"Edi Profile"},{"@type":"BreadcrumbList","@id":"https:\/\/moonstonestables.com\/moonstone-stables\/dressage-horses\/rachaels-horses\/edi-johnson-x-gribaldi\/#breadcrumb","itemListElement":[{"@type":"ListItem","position":1,"name":"Home","item":"https:\/\/moonstonestables.com\/"},{"@type":"ListItem","position":2,"name":"Products","item":"https:\/\/moonstonestables.com\/shop\/"},{"@type":"ListItem","position":3,"name":"Edi"}]},{"@type":"WebSite","@id":"https:\/\/moonstonestables.com\/#website","url":"https:\/\/moonstonestables.com\/","name":"Est\u00e1bulos de Moonstone","description":"Adestramento Rachael Ivtsan","publisher":{"@id":"https:\/\/moonstonestables.com\/#organization"},"alternateName":"Pet Play Unip LDA","potentialAction":[{"@type":"SearchAction","target":{"@type":"EntryPoint","urlTemplate":"https:\/\/moonstonestables.com\/?s={search_term_string}"},"query-input":{"@type":"PropertyValueSpecification","valueRequired":true,"valueName":"search_term_string"}}],"inLanguage":"pt-PT"},{"@type":"Organization","@id":"https:\/\/moonstonestables.com\/#organization","name":"Pet Play Unip LDA","alternateName":"Moonstone Stables","url":"https:\/\/moonstonestables.com\/","logo":{"@type":"ImageObject","inLanguage":"pt-PT","@id":"https:\/\/moonstonestables.com\/#\/schema\/logo\/image\/","url":"https:\/\/moonstonestables.com\/wp-content\/uploads\/2021\/03\/icon.png","contentUrl":"https:\/\/moonstonestables.com\/wp-content\/uploads\/2021\/03\/icon.png","width":1338,"height":403,"caption":"Pet Play Unip LDA"},"image":{"@id":"https:\/\/moonstonestables.com\/#\/schema\/logo\/image\/"},"sameAs":["https:\/\/www.facebook.com\/MoonstoneStablesDressage","https:\/\/www.instagram.com\/moonstonestables_ri\/","https:\/\/www.youtube.com\/channel\/UC2mTyspA1Xe2uJRueVmgZHA"]}]}},"_links":{"self":[{"href":"https:\/\/moonstonestables.com\/pt\/wp-json\/wp\/v2\/product\/4199","targetHints":{"allow":["GET"]}}],"collection":[{"href":"https:\/\/moonstonestables.com\/pt\/wp-json\/wp\/v2\/product"}],"about":[{"href":"https:\/\/moonstonestables.com\/pt\/wp-json\/wp\/v2\/types\/product"}],"wp:featuredmedia":[{"embeddable":true,"href":"https:\/\/moonstonestables.com\/pt\/wp-json\/wp\/v2\/media\/4203"}],"wp:attachment":[{"href":"https:\/\/moonstonestables.com\/pt\/wp-json\/wp\/v2\/media?parent=4199"}],"wp:term":[{"taxonomy":"product_brand","embeddable":true,"href":"https:\/\/moonstonestables.com\/pt\/wp-json\/wp\/v2\/product_brand?post=4199"},{"taxonomy":"product_cat","embeddable":true,"href":"https:\/\/moonstonestables.com\/pt\/wp-json\/wp\/v2\/product_cat?post=4199"},{"taxonomy":"product_tag","embeddable":true,"href":"https:\/\/moonstonestables.com\/pt\/wp-json\/wp\/v2\/product_tag?post=4199"}],"curies":[{"name":"wp","href":"https:\/\/api.w.org\/{rel}","templated":true}]}}