{"id":610,"date":"2017-02-02T12:28:56","date_gmt":"2017-02-02T12:28:56","guid":{"rendered":"http:\/\/test.kriesi.at\/enfold-2017\/?page_id=610"},"modified":"2024-10-17T10:58:54","modified_gmt":"2024-10-17T09:58:54","slug":"terms-conditions","status":"publish","type":"page","link":"https:\/\/moonstonestables.com\/pt\/terms-conditions\/","title":{"rendered":"Termos e Condi\u00e7\u00f5es"},"content":{"rendered":"<section  class='av_textblock_section av-kp2qis0r-66acb61cced79b06f57864eef11d66cf'   itemscope=\"itemscope\" itemtype=\"https:\/\/schema.org\/CreativeWork\" ><div class='avia_textblock'  itemprop=\"text\" ><h1 style=\"text-align: center;\"><strong>Pol\u00edtica de Cookies<\/strong><\/h1>\n<\/div><\/section>\n<section  class='av_textblock_section av-kp2ql10i-dea279d20846b3b21b51d290a41c7b48'   itemscope=\"itemscope\" itemtype=\"https:\/\/schema.org\/CreativeWork\" ><div class='avia_textblock'  itemprop=\"text\" ><p style=\"text-align: justify;\">Leia esta pol\u00edtica de cookies (\u201cpol\u00edtica de cookies\u201d, \u201cpol\u00edtica\u201d) cuidadosamente antes de usar o site https:\/\/moonstonestables.com (\u201csite\u201d, \u201cservi\u00e7o\u201d) operado pela WJS Services BV, WJS Services Ltd e Pet Play Unip LDA (\u201cn\u00f3s\u201d, \u201cnosso\u201d).<\/p>\n<p style=\"text-align: justify;\"><strong>O que s\u00e3o cookies?<\/strong><\/p>\n<p style=\"text-align: justify;\">Cookies s\u00e3o arquivos de texto simples que s\u00e3o armazenados no seu computador ou dispositivo m\u00f3vel pelo servidor de um site. Cada cookie \u00e9 exclusivo para o seu navegador da web. Ele conter\u00e1 algumas informa\u00e7\u00f5es an\u00f4nimas, como um identificador exclusivo, o nome de dom\u00ednio do site e alguns d\u00edgitos e n\u00fameros.<\/p>\n<p style=\"text-align: justify;\"><strong>Que tipos de cookies usamos?<\/strong><\/p>\n<p style=\"text-align: justify;\"><em>Cookies necess\u00e1rios<\/em><\/p>\n<p style=\"text-align: justify;\">Os cookies necess\u00e1rios nos permitem oferecer a voc\u00ea a melhor experi\u00eancia poss\u00edvel ao acessar e navegar em nosso site e usar seus recursos. Por exemplo, esses cookies nos permitem reconhecer que voc\u00ea criou uma conta e fez login nessa conta.<\/p>\n<p style=\"text-align: justify;\"><em>Cookies de funcionalidade<\/em><\/p>\n<p style=\"text-align: justify;\">Os cookies de funcionalidade nos permitem operar o site de acordo com as escolhas que voc\u00ea faz. Por exemplo, reconheceremos seu nome de usu\u00e1rio e lembraremos como voc\u00ea personalizou o site durante futuras visitas.<\/p>\n<p style=\"text-align: justify;\"><em>Cookies anal\u00edticos<\/em><\/p>\n<p style=\"text-align: justify;\">Esses cookies permitem que n\u00f3s e servi\u00e7os de terceiros coletemos dados agregados para fins estat\u00edsticos sobre como nossos visitantes usam o site. Esses cookies n\u00e3o cont\u00eam informa\u00e7\u00f5es pessoais, como nomes e endere\u00e7os de e-mail, e s\u00e3o usados para nos ajudar a melhorar sua experi\u00eancia de usu\u00e1rio no site.<\/p>\n<p style=\"text-align: justify;\"><strong>Como excluir cookies?<\/strong><\/p>\n<p style=\"text-align: justify;\">Se voc\u00ea quiser restringir ou bloquear os cookies que s\u00e3o definidos pelo nosso site, voc\u00ea pode fazer isso por meio da configura\u00e7\u00e3o do seu navegador. Alternativamente, voc\u00ea pode visitar <a href=\"http:\/\/www.internetcookies.org\">www.internetcookies.org<\/a>, que cont\u00e9m informa\u00e7\u00f5es abrangentes sobre como fazer isso em uma ampla variedade de navegadores e dispositivos. Voc\u00ea encontrar\u00e1 informa\u00e7\u00f5es gerais sobre cookies e detalhes sobre como excluir cookies do seu dispositivo.<\/p>\n<p style=\"text-align: justify;\"><strong>Entrando em contato conosco<\/strong><\/p>\n<p style=\"text-align: justify;\">Se voc\u00ea tiver alguma d\u00favida sobre esta pol\u00edtica ou nosso uso de cookies, por favor <a href=\"https:\/\/moonstonestables.com\/contact-us\/\">Contate-nos<\/a>.<\/p>\n<\/div><\/section>","protected":false},"excerpt":{"rendered":"","protected":false},"author":1,"featured_media":0,"parent":0,"menu_order":0,"comment_status":"closed","ping_status":"closed","template":"","meta":{"footnotes":""},"class_list":["post-610","page","type-page","status-publish","hentry"],"yoast_head":"<!-- This site is optimized with the Yoast SEO plugin v27.3 - https:\/\/yoast.com\/product\/yoast-seo-wordpress\/ -->\n<title>Terms &amp; Conditions - Moonstone Stables<\/title>\n<meta name=\"description\" content=\"Cookie Policy. Cookie Beleid.\" \/>\n<meta name=\"robots\" content=\"index, follow, max-snippet:-1, max-image-preview:large, max-video-preview:-1\" \/>\n<link rel=\"canonical\" href=\"https:\/\/moonstonestables.com\/pt\/terms-conditions\/\" \/>\n<meta property=\"og:locale\" content=\"pt_PT\" \/>\n<meta property=\"og:type\" content=\"article\" \/>\n<meta property=\"og:title\" content=\"Terms &amp; Conditions - Moonstone Stables\" \/>\n<meta property=\"og:description\" content=\"Cookie Policy. Cookie Beleid.\" \/>\n<meta property=\"og:url\" content=\"https:\/\/moonstonestables.com\/pt\/terms-conditions\/\" \/>\n<meta property=\"og:site_name\" content=\"Moonstone Stables\" \/>\n<meta property=\"article:publisher\" content=\"https:\/\/www.facebook.com\/MoonstoneStablesDressage\" \/>\n<meta property=\"article:modified_time\" content=\"2024-10-17T09:58:54+00:00\" \/>\n<meta property=\"og:image\" content=\"https:\/\/moonstonestables.com\/wp-content\/uploads\/2021\/03\/favicon.png\" \/>\n\t<meta property=\"og:image:width\" content=\"403\" \/>\n\t<meta property=\"og:image:height\" content=\"403\" \/>\n\t<meta property=\"og:image:type\" content=\"image\/png\" \/>\n<meta name=\"twitter:card\" content=\"summary_large_image\" \/>\n<meta name=\"twitter:label1\" content=\"Tempo estimado de leitura\" \/>\n\t<meta name=\"twitter:data1\" content=\"2 minutos\" \/>\n<script type=\"application\/ld+json\" class=\"yoast-schema-graph\">{\"@context\":\"https:\\\/\\\/schema.org\",\"@graph\":[{\"@type\":\"WebPage\",\"@id\":\"https:\\\/\\\/moonstonestables.com\\\/terms-conditions\\\/\",\"url\":\"https:\\\/\\\/moonstonestables.com\\\/terms-conditions\\\/\",\"name\":\"Terms & Conditions - Moonstone Stables\",\"isPartOf\":{\"@id\":\"https:\\\/\\\/moonstonestables.com\\\/#website\"},\"datePublished\":\"2017-02-02T12:28:56+00:00\",\"dateModified\":\"2024-10-17T09:58:54+00:00\",\"description\":\"Cookie Policy. Cookie Beleid.\",\"breadcrumb\":{\"@id\":\"https:\\\/\\\/moonstonestables.com\\\/terms-conditions\\\/#breadcrumb\"},\"inLanguage\":\"pt-PT\",\"potentialAction\":[{\"@type\":\"ReadAction\",\"target\":[\"https:\\\/\\\/moonstonestables.com\\\/terms-conditions\\\/\"]}]},{\"@type\":\"BreadcrumbList\",\"@id\":\"https:\\\/\\\/moonstonestables.com\\\/terms-conditions\\\/#breadcrumb\",\"itemListElement\":[{\"@type\":\"ListItem\",\"position\":1,\"name\":\"Home\",\"item\":\"https:\\\/\\\/moonstonestables.com\\\/\"},{\"@type\":\"ListItem\",\"position\":2,\"name\":\"Terms &#038; Conditions\"}]},{\"@type\":\"WebSite\",\"@id\":\"https:\\\/\\\/moonstonestables.com\\\/#website\",\"url\":\"https:\\\/\\\/moonstonestables.com\\\/\",\"name\":\"Moonstone Stables\",\"description\":\"Rachael Ivtsan Dressage\",\"publisher\":{\"@id\":\"https:\\\/\\\/moonstonestables.com\\\/#organization\"},\"alternateName\":\"Pet Play Unip LDA\",\"potentialAction\":[{\"@type\":\"SearchAction\",\"target\":{\"@type\":\"EntryPoint\",\"urlTemplate\":\"https:\\\/\\\/moonstonestables.com\\\/?s={search_term_string}\"},\"query-input\":{\"@type\":\"PropertyValueSpecification\",\"valueRequired\":true,\"valueName\":\"search_term_string\"}}],\"inLanguage\":\"pt-PT\"},{\"@type\":\"Organization\",\"@id\":\"https:\\\/\\\/moonstonestables.com\\\/#organization\",\"name\":\"Pet Play Unip LDA\",\"alternateName\":\"Moonstone Stables\",\"url\":\"https:\\\/\\\/moonstonestables.com\\\/\",\"logo\":{\"@type\":\"ImageObject\",\"inLanguage\":\"pt-PT\",\"@id\":\"https:\\\/\\\/moonstonestables.com\\\/#\\\/schema\\\/logo\\\/image\\\/\",\"url\":\"https:\\\/\\\/moonstonestables.com\\\/wp-content\\\/uploads\\\/2021\\\/03\\\/icon.png\",\"contentUrl\":\"https:\\\/\\\/moonstonestables.com\\\/wp-content\\\/uploads\\\/2021\\\/03\\\/icon.png\",\"width\":1338,\"height\":403,\"caption\":\"Pet Play Unip LDA\"},\"image\":{\"@id\":\"https:\\\/\\\/moonstonestables.com\\\/#\\\/schema\\\/logo\\\/image\\\/\"},\"sameAs\":[\"https:\\\/\\\/www.facebook.com\\\/MoonstoneStablesDressage\",\"https:\\\/\\\/www.instagram.com\\\/moonstonestables_ri\\\/\",\"https:\\\/\\\/www.youtube.com\\\/channel\\\/UC2mTyspA1Xe2uJRueVmgZHA\"]}]}<\/script>\n<!-- \/ Yoast SEO plugin. -->","yoast_head_json":{"title":"Terms & Conditions - Moonstone Stables","description":"Pol\u00edtica de Cookies. Cookie Beleid.","robots":{"index":"index","follow":"follow","max-snippet":"max-snippet:-1","max-image-preview":"max-image-preview:large","max-video-preview":"max-video-preview:-1"},"canonical":"https:\/\/moonstonestables.com\/pt\/terms-conditions\/","og_locale":"pt_PT","og_type":"article","og_title":"Terms & Conditions - Moonstone Stables","og_description":"Cookie Policy. Cookie Beleid.","og_url":"https:\/\/moonstonestables.com\/pt\/terms-conditions\/","og_site_name":"Moonstone Stables","article_publisher":"https:\/\/www.facebook.com\/MoonstoneStablesDressage","article_modified_time":"2024-10-17T09:58:54+00:00","og_image":[{"width":403,"height":403,"url":"https:\/\/moonstonestables.com\/wp-content\/uploads\/2021\/03\/favicon.png","type":"image\/png"}],"twitter_card":"summary_large_image","twitter_misc":{"Tempo estimado de leitura":"2 minutos"},"schema":{"@context":"https:\/\/schema.org","@graph":[{"@type":"WebPage","@id":"https:\/\/moonstonestables.com\/terms-conditions\/","url":"https:\/\/moonstonestables.com\/terms-conditions\/","name":"Terms & Conditions - Moonstone Stables","isPartOf":{"@id":"https:\/\/moonstonestables.com\/#website"},"datePublished":"2017-02-02T12:28:56+00:00","dateModified":"2024-10-17T09:58:54+00:00","description":"Pol\u00edtica de Cookies. Cookie Beleid.","breadcrumb":{"@id":"https:\/\/moonstonestables.com\/terms-conditions\/#breadcrumb"},"inLanguage":"pt-PT","potentialAction":[{"@type":"ReadAction","target":["https:\/\/moonstonestables.com\/terms-conditions\/"]}]},{"@type":"BreadcrumbList","@id":"https:\/\/moonstonestables.com\/terms-conditions\/#breadcrumb","itemListElement":[{"@type":"ListItem","position":1,"name":"Home","item":"https:\/\/moonstonestables.com\/"},{"@type":"ListItem","position":2,"name":"Terms &#038; Conditions"}]},{"@type":"WebSite","@id":"https:\/\/moonstonestables.com\/#website","url":"https:\/\/moonstonestables.com\/","name":"Est\u00e1bulos de Moonstone","description":"Adestramento Rachael Ivtsan","publisher":{"@id":"https:\/\/moonstonestables.com\/#organization"},"alternateName":"Pet Play Unip LDA","potentialAction":[{"@type":"SearchAction","target":{"@type":"EntryPoint","urlTemplate":"https:\/\/moonstonestables.com\/?s={search_term_string}"},"query-input":{"@type":"PropertyValueSpecification","valueRequired":true,"valueName":"search_term_string"}}],"inLanguage":"pt-PT"},{"@type":"Organization","@id":"https:\/\/moonstonestables.com\/#organization","name":"Pet Play Unip LDA","alternateName":"Moonstone Stables","url":"https:\/\/moonstonestables.com\/","logo":{"@type":"ImageObject","inLanguage":"pt-PT","@id":"https:\/\/moonstonestables.com\/#\/schema\/logo\/image\/","url":"https:\/\/moonstonestables.com\/wp-content\/uploads\/2021\/03\/icon.png","contentUrl":"https:\/\/moonstonestables.com\/wp-content\/uploads\/2021\/03\/icon.png","width":1338,"height":403,"caption":"Pet Play Unip LDA"},"image":{"@id":"https:\/\/moonstonestables.com\/#\/schema\/logo\/image\/"},"sameAs":["https:\/\/www.facebook.com\/MoonstoneStablesDressage","https:\/\/www.instagram.com\/moonstonestables_ri\/","https:\/\/www.youtube.com\/channel\/UC2mTyspA1Xe2uJRueVmgZHA"]}]}},"_links":{"self":[{"href":"https:\/\/moonstonestables.com\/pt\/wp-json\/wp\/v2\/pages\/610","targetHints":{"allow":["GET"]}}],"collection":[{"href":"https:\/\/moonstonestables.com\/pt\/wp-json\/wp\/v2\/pages"}],"about":[{"href":"https:\/\/moonstonestables.com\/pt\/wp-json\/wp\/v2\/types\/page"}],"author":[{"embeddable":true,"href":"https:\/\/moonstonestables.com\/pt\/wp-json\/wp\/v2\/users\/1"}],"replies":[{"embeddable":true,"href":"https:\/\/moonstonestables.com\/pt\/wp-json\/wp\/v2\/comments?post=610"}],"version-history":[{"count":13,"href":"https:\/\/moonstonestables.com\/pt\/wp-json\/wp\/v2\/pages\/610\/revisions"}],"predecessor-version":[{"id":4547,"href":"https:\/\/moonstonestables.com\/pt\/wp-json\/wp\/v2\/pages\/610\/revisions\/4547"}],"wp:attachment":[{"href":"https:\/\/moonstonestables.com\/pt\/wp-json\/wp\/v2\/media?parent=610"}],"curies":[{"name":"wp","href":"https:\/\/api.w.org\/{rel}","templated":true}]}}