{"id":4576,"date":"2024-12-11T14:33:40","date_gmt":"2024-12-11T14:33:40","guid":{"rendered":"https:\/\/moonstonestables.com\/?page_id=4576"},"modified":"2024-12-13T10:31:12","modified_gmt":"2024-12-13T10:31:12","slug":"services","status":"publish","type":"page","link":"https:\/\/moonstonestables.com\/pt\/services\/","title":{"rendered":"Treinamento de Adestramento\u00a0"},"content":{"rendered":"<div id='av-layout-grid-1'  class='av-layout-grid-container av-611o40-1c86b480f4cd8a4e66f8410a87ffbd58 entry-content-wrapper main_color av-flex-cells  avia-builder-el-0  el_before_av_textblock  avia-builder-el-first   container_wrap fullsize'  >\n<div class='flex_cell av-45h6o0-8cd23e92d78a0a3684af789e382134f6 av-gridrow-cell av_one_half no_margin  avia-builder-el-1  el_before_av_cell_one_half  avia-builder-el-first'  ><div class='flex_cell_inner'>\n<style type=\"text\/css\" data-created_by=\"avia_inline_auto\" id=\"style-css-av-m4jzy38b-8e38abbfaad1cd3961616de9c2b0af94\">\n.avia-image-container.av-m4jzy38b-8e38abbfaad1cd3961616de9c2b0af94 img.avia_image{\nbox-shadow:none;\n}\n.avia-image-container.av-m4jzy38b-8e38abbfaad1cd3961616de9c2b0af94 .av-image-caption-overlay-center{\ncolor:#ffffff;\n}\n<\/style>\n<div  class='avia-image-container av-m4jzy38b-8e38abbfaad1cd3961616de9c2b0af94 av-styling- avia-align-center  avia-builder-el-2  avia-builder-el-no-sibling'   itemprop=\"image\" itemscope=\"itemscope\" itemtype=\"https:\/\/schema.org\/ImageObject\" ><div class=\"avia-image-container-inner\"><div class=\"avia-image-overlay-wrap\"><img decoding=\"async\" fetchpriority=\"high\" class='wp-image-4201 avia-img-lazy-loading-not-4201 avia_image' src=\"https:\/\/moonstonestables.com\/wp-content\/uploads\/2021\/05\/Edi_1.jpg\" alt='Edi Dressage' title='Adestramento Edi'  height=\"1000\" width=\"1001\"  itemprop=\"thumbnailUrl\" srcset=\"https:\/\/moonstonestables.com\/wp-content\/uploads\/2021\/05\/Edi_1.jpg 1001w, https:\/\/moonstonestables.com\/wp-content\/uploads\/2021\/05\/Edi_1-300x300.jpg 300w, https:\/\/moonstonestables.com\/wp-content\/uploads\/2021\/05\/Edi_1-80x80.jpg 80w, https:\/\/moonstonestables.com\/wp-content\/uploads\/2021\/05\/Edi_1-768x767.jpg 768w, https:\/\/moonstonestables.com\/wp-content\/uploads\/2021\/05\/Edi_1-12x12.jpg 12w, https:\/\/moonstonestables.com\/wp-content\/uploads\/2021\/05\/Edi_1-500x500.jpg 500w, https:\/\/moonstonestables.com\/wp-content\/uploads\/2021\/05\/Edi_1-800x799.jpg 800w, https:\/\/moonstonestables.com\/wp-content\/uploads\/2021\/05\/Edi_1-36x36.jpg 36w, https:\/\/moonstonestables.com\/wp-content\/uploads\/2021\/05\/Edi_1-180x180.jpg 180w, https:\/\/moonstonestables.com\/wp-content\/uploads\/2021\/05\/Edi_1-705x705.jpg 705w, https:\/\/moonstonestables.com\/wp-content\/uploads\/2021\/05\/Edi_1-100x100.jpg 100w, https:\/\/moonstonestables.com\/wp-content\/uploads\/2021\/05\/Edi_1-600x599.jpg 600w\" sizes=\"(max-width: 1001px) 100vw, 1001px\" \/><\/div><\/div><\/div>\n<\/div><\/div><div class='flex_cell av-36ejf4-db52b2d67616f86b7f3f302de03fe9b7 av-gridrow-cell av_one_half no_margin  avia-builder-el-3  el_after_av_cell_one_half  avia-builder-el-last'  ><div class='flex_cell_inner'><section  class='av_textblock_section av-kp2ql10i-dea279d20846b3b21b51d290a41c7b48'   itemscope=\"itemscope\" itemtype=\"https:\/\/schema.org\/CreativeWork\" ><div class='avia_textblock'  itemprop=\"text\" ><p>A jornada de Rachael Ivtsan no mundo do adestramento come\u00e7ou relativamente tarde, mas sua paix\u00e3o e dedica\u00e7\u00e3o a impulsionaram a um sucesso not\u00e1vel. Em 2004, ela visitou a Holanda para comprar um cavalo, mas isso marcou o in\u00edcio de uma conex\u00e3o mais profunda. Rachael continuou voltando para treinar com o estimado Bert Rutten, onde ela ganhou as habilidades fundamentais necess\u00e1rias para competir nos n\u00edveis mais altos. Seu primeiro parceiro de Grand Prix, Falco, tornou-se a personifica\u00e7\u00e3o de seu comprometimento e aprendizado.<\/p>\n<p>Um momento crucial na carreira de Rachael aconteceu quando um amigo a apresentou a Sandro Success, um cavalo not\u00e1vel gerado por Sandro Hit. Apesar do sucesso final, a jornada estava longe de ser f\u00e1cil. &quot;Eu n\u00e3o poderia ter desejado um mestre-escola melhor do que Sandro&quot;, Rachael reflete, reconhecendo os desafios. &quot;Ele era um espelho incr\u00edvel e me ensinou como realmente treinar cavalos.&quot; Agora aposentado das competi\u00e7\u00f5es, Sandro continua sendo o rei de seus est\u00e1bulos, uma prova do v\u00ednculo que eles compartilham.<\/p>\n<p>A filosofia de treinamento de Rachael \u00e9 baseada em justi\u00e7a e empatia. Ela acredita que todo cavalo merece uma chance honesta e trabalha incansavelmente para trazer \u00e0 tona todo o seu potencial. Ao longo dos anos, ela treinou com profissionais talentosos como Bert Rutten, Alex van Silfhout e Rieky Young, refinando suas habilidades e abordagem. Sua experi\u00eancia inclui treinar cavalos em todos os n\u00edveis, incluindo Grand Prix, com nomes not\u00e1veis como Glamour Times, Fleetwood Mac e Edie.<\/p>\n<p>Hoje, Rachael oferece servi\u00e7os personalizados, incluindo consultoria de compra de cavalos e treinamento para cavalo e cavaleiro em todos os n\u00edveis. Sua habilidade excepcional de harmonizar cavalo e cavaleiro garante que eles alcancem o melhor juntos. Com um talento \u00fanico para se conectar com cavalos e trein\u00e1-los com cuidado e precis\u00e3o, Rachael \u00e9 uma figura de destaque no mundo do adestramento.<\/p>\n<p style=\"text-align: justify;\"><strong>Entrando em contato conosco<\/strong><\/p>\n<p style=\"text-align: justify;\">Se voc\u00ea tiver alguma d\u00favida sobre os servi\u00e7os de treinamento da Rachael, por favor <a href=\"https:\/\/moonstonestables.com\/contact-us\/\">Contate-nos<\/a>.<\/p>\n<\/div><\/section>\n<\/div><\/div><\/div><div id='after_grid_row_1'  class='main_color av_default_container_wrap container_wrap fullsize'  ><div class='container av-section-cont-open' ><div class='template-page content  av-content-full alpha units'><div class='post-entry post-entry-type-page post-entry-4576'><div class='entry-content-wrapper clearfix'><section  class='av_textblock_section av-kp2qis0r-307fcdca550124f5332979e8ef90e287'   itemscope=\"itemscope\" itemtype=\"https:\/\/schema.org\/CreativeWork\" ><div class='avia_textblock'  itemprop=\"text\" ><p><strong>Rachael Ivtsan: Elevando o treinamento de adestramento de cavaleiros e cavalos<\/strong><\/p>\n<\/div><\/section><\/p>","protected":false},"excerpt":{"rendered":"","protected":false},"author":1,"featured_media":0,"parent":0,"menu_order":0,"comment_status":"closed","ping_status":"closed","template":"","meta":{"footnotes":""},"class_list":["post-4576","page","type-page","status-publish","hentry"],"yoast_head":"<!-- This site is optimized with the Yoast SEO plugin v27.3 - https:\/\/yoast.com\/product\/yoast-seo-wordpress\/ -->\n<title>Dressage Training\u00a0 - Moonstone Stables<\/title>\n<meta name=\"description\" content=\"Cookie Policy. Cookie Beleid.\" \/>\n<meta name=\"robots\" content=\"index, follow, max-snippet:-1, max-image-preview:large, max-video-preview:-1\" \/>\n<link rel=\"canonical\" href=\"https:\/\/moonstonestables.com\/pt\/services\/\" \/>\n<meta property=\"og:locale\" content=\"pt_PT\" \/>\n<meta property=\"og:type\" content=\"article\" \/>\n<meta property=\"og:title\" content=\"Dressage Training\u00a0 - Moonstone Stables\" \/>\n<meta property=\"og:description\" content=\"Cookie Policy. Cookie Beleid.\" \/>\n<meta property=\"og:url\" content=\"https:\/\/moonstonestables.com\/pt\/services\/\" \/>\n<meta property=\"og:site_name\" content=\"Moonstone Stables\" \/>\n<meta property=\"article:publisher\" content=\"https:\/\/www.facebook.com\/MoonstoneStablesDressage\" \/>\n<meta property=\"article:modified_time\" content=\"2024-12-13T10:31:12+00:00\" \/>\n<meta property=\"og:image\" content=\"https:\/\/moonstonestables.com\/wp-content\/uploads\/2021\/03\/favicon.png\" \/>\n\t<meta property=\"og:image:width\" content=\"403\" \/>\n\t<meta property=\"og:image:height\" content=\"403\" \/>\n\t<meta property=\"og:image:type\" content=\"image\/png\" \/>\n<meta name=\"twitter:card\" content=\"summary_large_image\" \/>\n<meta name=\"twitter:label1\" content=\"Tempo estimado de leitura\" \/>\n\t<meta name=\"twitter:data1\" content=\"2 minutos\" \/>\n<script type=\"application\/ld+json\" class=\"yoast-schema-graph\">{\"@context\":\"https:\\\/\\\/schema.org\",\"@graph\":[{\"@type\":\"WebPage\",\"@id\":\"https:\\\/\\\/moonstonestables.com\\\/services\\\/\",\"url\":\"https:\\\/\\\/moonstonestables.com\\\/services\\\/\",\"name\":\"Dressage Training\u00a0 - Moonstone Stables\",\"isPartOf\":{\"@id\":\"https:\\\/\\\/moonstonestables.com\\\/#website\"},\"datePublished\":\"2024-12-11T14:33:40+00:00\",\"dateModified\":\"2024-12-13T10:31:12+00:00\",\"description\":\"Cookie Policy. Cookie Beleid.\",\"breadcrumb\":{\"@id\":\"https:\\\/\\\/moonstonestables.com\\\/services\\\/#breadcrumb\"},\"inLanguage\":\"pt-PT\",\"potentialAction\":[{\"@type\":\"ReadAction\",\"target\":[\"https:\\\/\\\/moonstonestables.com\\\/services\\\/\"]}]},{\"@type\":\"BreadcrumbList\",\"@id\":\"https:\\\/\\\/moonstonestables.com\\\/services\\\/#breadcrumb\",\"itemListElement\":[{\"@type\":\"ListItem\",\"position\":1,\"name\":\"Home\",\"item\":\"https:\\\/\\\/moonstonestables.com\\\/\"},{\"@type\":\"ListItem\",\"position\":2,\"name\":\"Dressage Training\u00a0\"}]},{\"@type\":\"WebSite\",\"@id\":\"https:\\\/\\\/moonstonestables.com\\\/#website\",\"url\":\"https:\\\/\\\/moonstonestables.com\\\/\",\"name\":\"Moonstone Stables\",\"description\":\"Rachael Ivtsan Dressage\",\"publisher\":{\"@id\":\"https:\\\/\\\/moonstonestables.com\\\/#organization\"},\"alternateName\":\"Pet Play Unip LDA\",\"potentialAction\":[{\"@type\":\"SearchAction\",\"target\":{\"@type\":\"EntryPoint\",\"urlTemplate\":\"https:\\\/\\\/moonstonestables.com\\\/?s={search_term_string}\"},\"query-input\":{\"@type\":\"PropertyValueSpecification\",\"valueRequired\":true,\"valueName\":\"search_term_string\"}}],\"inLanguage\":\"pt-PT\"},{\"@type\":\"Organization\",\"@id\":\"https:\\\/\\\/moonstonestables.com\\\/#organization\",\"name\":\"Pet Play Unip LDA\",\"alternateName\":\"Moonstone Stables\",\"url\":\"https:\\\/\\\/moonstonestables.com\\\/\",\"logo\":{\"@type\":\"ImageObject\",\"inLanguage\":\"pt-PT\",\"@id\":\"https:\\\/\\\/moonstonestables.com\\\/#\\\/schema\\\/logo\\\/image\\\/\",\"url\":\"https:\\\/\\\/moonstonestables.com\\\/wp-content\\\/uploads\\\/2021\\\/03\\\/icon.png\",\"contentUrl\":\"https:\\\/\\\/moonstonestables.com\\\/wp-content\\\/uploads\\\/2021\\\/03\\\/icon.png\",\"width\":1338,\"height\":403,\"caption\":\"Pet Play Unip LDA\"},\"image\":{\"@id\":\"https:\\\/\\\/moonstonestables.com\\\/#\\\/schema\\\/logo\\\/image\\\/\"},\"sameAs\":[\"https:\\\/\\\/www.facebook.com\\\/MoonstoneStablesDressage\",\"https:\\\/\\\/www.instagram.com\\\/moonstonestables_ri\\\/\",\"https:\\\/\\\/www.youtube.com\\\/channel\\\/UC2mTyspA1Xe2uJRueVmgZHA\"]}]}<\/script>\n<!-- \/ Yoast SEO plugin. -->","yoast_head_json":{"title":"Treinamento de Adestramento - Moonstone Stables","description":"Pol\u00edtica de Cookies. Cookie Beleid.","robots":{"index":"index","follow":"follow","max-snippet":"max-snippet:-1","max-image-preview":"max-image-preview:large","max-video-preview":"max-video-preview:-1"},"canonical":"https:\/\/moonstonestables.com\/pt\/services\/","og_locale":"pt_PT","og_type":"article","og_title":"Dressage Training\u00a0 - Moonstone Stables","og_description":"Cookie Policy. Cookie Beleid.","og_url":"https:\/\/moonstonestables.com\/pt\/services\/","og_site_name":"Moonstone Stables","article_publisher":"https:\/\/www.facebook.com\/MoonstoneStablesDressage","article_modified_time":"2024-12-13T10:31:12+00:00","og_image":[{"width":403,"height":403,"url":"https:\/\/moonstonestables.com\/wp-content\/uploads\/2021\/03\/favicon.png","type":"image\/png"}],"twitter_card":"summary_large_image","twitter_misc":{"Tempo estimado de leitura":"2 minutos"},"schema":{"@context":"https:\/\/schema.org","@graph":[{"@type":"WebPage","@id":"https:\/\/moonstonestables.com\/services\/","url":"https:\/\/moonstonestables.com\/services\/","name":"Treinamento de Adestramento - Moonstone Stables","isPartOf":{"@id":"https:\/\/moonstonestables.com\/#website"},"datePublished":"2024-12-11T14:33:40+00:00","dateModified":"2024-12-13T10:31:12+00:00","description":"Pol\u00edtica de Cookies. Cookie Beleid.","breadcrumb":{"@id":"https:\/\/moonstonestables.com\/services\/#breadcrumb"},"inLanguage":"pt-PT","potentialAction":[{"@type":"ReadAction","target":["https:\/\/moonstonestables.com\/services\/"]}]},{"@type":"BreadcrumbList","@id":"https:\/\/moonstonestables.com\/services\/#breadcrumb","itemListElement":[{"@type":"ListItem","position":1,"name":"Home","item":"https:\/\/moonstonestables.com\/"},{"@type":"ListItem","position":2,"name":"Dressage Training\u00a0"}]},{"@type":"WebSite","@id":"https:\/\/moonstonestables.com\/#website","url":"https:\/\/moonstonestables.com\/","name":"Est\u00e1bulos de Moonstone","description":"Adestramento Rachael Ivtsan","publisher":{"@id":"https:\/\/moonstonestables.com\/#organization"},"alternateName":"Pet Play Unip LDA","potentialAction":[{"@type":"SearchAction","target":{"@type":"EntryPoint","urlTemplate":"https:\/\/moonstonestables.com\/?s={search_term_string}"},"query-input":{"@type":"PropertyValueSpecification","valueRequired":true,"valueName":"search_term_string"}}],"inLanguage":"pt-PT"},{"@type":"Organization","@id":"https:\/\/moonstonestables.com\/#organization","name":"Pet Play Unip LDA","alternateName":"Moonstone Stables","url":"https:\/\/moonstonestables.com\/","logo":{"@type":"ImageObject","inLanguage":"pt-PT","@id":"https:\/\/moonstonestables.com\/#\/schema\/logo\/image\/","url":"https:\/\/moonstonestables.com\/wp-content\/uploads\/2021\/03\/icon.png","contentUrl":"https:\/\/moonstonestables.com\/wp-content\/uploads\/2021\/03\/icon.png","width":1338,"height":403,"caption":"Pet Play Unip LDA"},"image":{"@id":"https:\/\/moonstonestables.com\/#\/schema\/logo\/image\/"},"sameAs":["https:\/\/www.facebook.com\/MoonstoneStablesDressage","https:\/\/www.instagram.com\/moonstonestables_ri\/","https:\/\/www.youtube.com\/channel\/UC2mTyspA1Xe2uJRueVmgZHA"]}]}},"_links":{"self":[{"href":"https:\/\/moonstonestables.com\/pt\/wp-json\/wp\/v2\/pages\/4576","targetHints":{"allow":["GET"]}}],"collection":[{"href":"https:\/\/moonstonestables.com\/pt\/wp-json\/wp\/v2\/pages"}],"about":[{"href":"https:\/\/moonstonestables.com\/pt\/wp-json\/wp\/v2\/types\/page"}],"author":[{"embeddable":true,"href":"https:\/\/moonstonestables.com\/pt\/wp-json\/wp\/v2\/users\/1"}],"replies":[{"embeddable":true,"href":"https:\/\/moonstonestables.com\/pt\/wp-json\/wp\/v2\/comments?post=4576"}],"version-history":[{"count":6,"href":"https:\/\/moonstonestables.com\/pt\/wp-json\/wp\/v2\/pages\/4576\/revisions"}],"predecessor-version":[{"id":4599,"href":"https:\/\/moonstonestables.com\/pt\/wp-json\/wp\/v2\/pages\/4576\/revisions\/4599"}],"wp:attachment":[{"href":"https:\/\/moonstonestables.com\/pt\/wp-json\/wp\/v2\/media?parent=4576"}],"curies":[{"name":"wp","href":"https:\/\/api.w.org\/{rel}","templated":true}]}}