{"id":3406,"date":"2021-03-10T15:12:01","date_gmt":"2021-03-10T15:12:01","guid":{"rendered":"https:\/\/moonstonestables.com\/?page_id=3406"},"modified":"2024-10-14T09:40:00","modified_gmt":"2024-10-14T08:40:00","slug":"dressage-horses-for-sale","status":"publish","type":"page","link":"https:\/\/moonstonestables.com\/pt\/dressage-horses-for-sale\/","title":{"rendered":"Cavalos de Adestramento para Venda"},"content":{"rendered":"<section  class='av_textblock_section av-kmda8bg8-c78241b57d87ad820d7379d4cea2d70f'   itemscope=\"itemscope\" itemtype=\"https:\/\/schema.org\/CreativeWork\" ><div class='avia_textblock'  itemprop=\"text\" ><h1 style=\"text-align: center;\">Alguns dos cavalos de adestramento \u00e0 venda<\/h1>\n<\/div><\/section>\n<section  class='av_textblock_section av-koyb24qe-5d048db51d86306b1968c2ec4da250d6'   itemscope=\"itemscope\" itemtype=\"https:\/\/schema.org\/CreativeWork\" ><div class='avia_textblock'  itemprop=\"text\" ><p style=\"text-align: center;\">Em nossos est\u00e1bulos voc\u00ea pode encontrar muitos cavalos de adestramento excelentes para venda. Encontre seu cavalo \u00fanico agora mesmo em nosso lugar.<\/p>\n<\/div><\/section>\n<div  class='avia-product-slider-container av-km3kyz7g-27c1a9f6dba63817892086d0ec013364 template-shop avia-content-slider avia-content-grid-active shop_columns_3  avia-builder-el-2  el_after_av_textblock  el_before_av_hr  avia-content-slider-odd  avia-builder-el-2  el_after_av_textblock  el_before_av_hr  av-slideshow-ui av-slider-hover-pause av-slideshow-manual av-loop-once av-loop-manual-endless avia-product-slider1' data-slideshow-options=\"{&quot;animation&quot;:&quot;fade&quot;,&quot;autoplay&quot;:false,&quot;loop_autoplay&quot;:&quot;once&quot;,&quot;interval&quot;:5,&quot;loop_manual&quot;:&quot;manual-endless&quot;,&quot;autoplay_stopper&quot;:false,&quot;noNavigation&quot;:false,&quot;bg_slider&quot;:false,&quot;keep_padding&quot;:false,&quot;hoverpause&quot;:true,&quot;show_slide_delay&quot;:0}\"><div class=\"product-sorting\"><ul class=\"sort-param sort-param-order\"><li><span class='currently-selected'>Ordenar por <strong>Padr\u00e3o<\/strong><\/span><ul><li class=\"current-param\"><a href='?glang=pt&gurl=wp-json%2Fwp%2Fv2%2Fpages%2F3406&avia_extended_shop_select=yes&product_order=default' rel=\"nofollow\"><span class='avia-bullet'><\/span>Padr\u00e3o<\/a><\/li><li><a href='?glang=pt&gurl=wp-json%2Fwp%2Fv2%2Fpages%2F3406&avia_extended_shop_select=yes&product_order=menu_order' rel=\"nofollow\"><span class='avia-bullet'><\/span>Personalizado<\/a><\/li><li><a href='?glang=pt&gurl=wp-json%2Fwp%2Fv2%2Fpages%2F3406&avia_extended_shop_select=yes&product_order=title' rel=\"nofollow\"><span class='avia-bullet'><\/span>Nome<\/a><\/li><li><a href='?glang=pt&gurl=wp-json%2Fwp%2Fv2%2Fpages%2F3406&avia_extended_shop_select=yes&product_order=price' rel=\"nofollow\"><span class='avia-bullet'><\/span>Pre\u00e7o<\/a><\/li><li><a href='?glang=pt&gurl=wp-json%2Fwp%2Fv2%2Fpages%2F3406&avia_extended_shop_select=yes&product_order=date' rel=\"nofollow\"><span class='avia-bullet'><\/span>Data<\/a><\/li><li><a href='?glang=pt&gurl=wp-json%2Fwp%2Fv2%2Fpages%2F3406&avia_extended_shop_select=yes&product_order=popularity' rel=\"nofollow\"><span class='avia-bullet'><\/span>Popularidade (vendas)<\/a><\/li><li><a href='?glang=pt&gurl=wp-json%2Fwp%2Fv2%2Fpages%2F3406&avia_extended_shop_select=yes&product_order=rating' rel=\"nofollow\"><span class='avia-bullet'><\/span>Classifica\u00e7\u00e3o m\u00e9dia<\/a><\/li><li><a href='?glang=pt&gurl=wp-json%2Fwp%2Fv2%2Fpages%2F3406&avia_extended_shop_select=yes&product_order=relevance' rel=\"nofollow\"><span class='avia-bullet'><\/span>Relev\u00e2ncia<\/a><\/li><li><a href='?glang=pt&gurl=wp-json%2Fwp%2Fv2%2Fpages%2F3406&avia_extended_shop_select=yes&product_order=rand' rel=\"nofollow\"><span class='avia-bullet'><\/span>Aleat\u00f3rio<\/a><\/li><li><a href='?glang=pt&gurl=wp-json%2Fwp%2Fv2%2Fpages%2F3406&avia_extended_shop_select=yes&product_order=id' rel=\"nofollow\"><span class='avia-bullet'><\/span>ID do produto<\/a><\/li><\/ul><\/li><\/ul><\/div><div class='avia-content-slider-inner'><ul class=\"products\"><li class=\"product type-product post-4444 status-publish first instock product_cat-dressage-horses product_cat-horses-for-sale product_cat-rachaels-horses has-post-thumbnail shipping-taxable product-type-simple\">\n\t<div class='inner_product main_color wrapped_style noLightbox  av-product-class-minimal'><a href=\"https:\/\/moonstonestables.com\/pt\/moonstone-stables\/dressage-horses\/rachaels-horses\/fame\/\" class=\"woocommerce-LoopProduct-link woocommerce-loop-product__link\"><div class=\"thumbnail_container\"><img decoding=\"async\" loading=\"lazy\" width=\"300\" height=\"300\" src=\"https:\/\/moonstonestables.com\/wp-content\/uploads\/2022\/03\/Fame1-300x300.jpeg\" class=\"wp-image-4445 avia-img-lazy-loading-4445 attachment-woocommerce_thumbnail size-woocommerce_thumbnail wp-post-image\" alt=\"\" srcset=\"https:\/\/moonstonestables.com\/wp-content\/uploads\/2022\/03\/Fame1-300x300.jpeg 300w, https:\/\/moonstonestables.com\/wp-content\/uploads\/2022\/03\/Fame1-1030x1030.jpeg 1030w, https:\/\/moonstonestables.com\/wp-content\/uploads\/2022\/03\/Fame1-80x80.jpeg 80w, https:\/\/moonstonestables.com\/wp-content\/uploads\/2022\/03\/Fame1-768x768.jpeg 768w, https:\/\/moonstonestables.com\/wp-content\/uploads\/2022\/03\/Fame1-12x12.jpeg 12w, https:\/\/moonstonestables.com\/wp-content\/uploads\/2022\/03\/Fame1-500x500.jpeg 500w, https:\/\/moonstonestables.com\/wp-content\/uploads\/2022\/03\/Fame1-800x800.jpeg 800w, https:\/\/moonstonestables.com\/wp-content\/uploads\/2022\/03\/Fame1-36x36.jpeg 36w, https:\/\/moonstonestables.com\/wp-content\/uploads\/2022\/03\/Fame1-180x180.jpeg 180w, https:\/\/moonstonestables.com\/wp-content\/uploads\/2022\/03\/Fame1-705x705.jpeg 705w, https:\/\/moonstonestables.com\/wp-content\/uploads\/2022\/03\/Fame1-100x100.jpeg 100w, https:\/\/moonstonestables.com\/wp-content\/uploads\/2022\/03\/Fame1-600x600.jpeg 600w, https:\/\/moonstonestables.com\/wp-content\/uploads\/2022\/03\/Fame1.jpeg 1066w\" sizes=\"auto, (max-width: 300px) 100vw, 300px\" \/><span class=\"cart-loading\"><\/span><\/div><div class='inner_product_header'><div class='avia-arrow'><\/div><div class='inner_product_header_table'><div class='inner_product_header_cell'><h2 class=\"woocommerce-loop-product__title\">Fama<\/h2>\n<\/div><\/div><\/div><\/a><\/div><\/li>\n<li class=\"product type-product post-4440 status-publish instock product_cat-dressage-horses product_cat-horses-for-sale product_cat-rachaels-horses has-post-thumbnail shipping-taxable product-type-simple\">\n\t<div class='inner_product main_color wrapped_style noLightbox  av-product-class-minimal'><a href=\"https:\/\/moonstonestables.com\/pt\/moonstone-stables\/dressage-horses\/rachaels-horses\/indi\/\" class=\"woocommerce-LoopProduct-link woocommerce-loop-product__link\"><div class=\"thumbnail_container\"><img decoding=\"async\" loading=\"lazy\" width=\"300\" height=\"300\" src=\"https:\/\/moonstonestables.com\/wp-content\/uploads\/2022\/03\/Indi1-300x300.jpeg\" class=\"wp-image-4441 avia-img-lazy-loading-4441 attachment-woocommerce_thumbnail size-woocommerce_thumbnail wp-post-image\" alt=\"\" srcset=\"https:\/\/moonstonestables.com\/wp-content\/uploads\/2022\/03\/Indi1-300x300.jpeg 300w, https:\/\/moonstonestables.com\/wp-content\/uploads\/2022\/03\/Indi1-1030x1030.jpeg 1030w, https:\/\/moonstonestables.com\/wp-content\/uploads\/2022\/03\/Indi1-80x80.jpeg 80w, https:\/\/moonstonestables.com\/wp-content\/uploads\/2022\/03\/Indi1-768x768.jpeg 768w, https:\/\/moonstonestables.com\/wp-content\/uploads\/2022\/03\/Indi1-12x12.jpeg 12w, https:\/\/moonstonestables.com\/wp-content\/uploads\/2022\/03\/Indi1-500x500.jpeg 500w, https:\/\/moonstonestables.com\/wp-content\/uploads\/2022\/03\/Indi1-800x800.jpeg 800w, https:\/\/moonstonestables.com\/wp-content\/uploads\/2022\/03\/Indi1-36x36.jpeg 36w, https:\/\/moonstonestables.com\/wp-content\/uploads\/2022\/03\/Indi1-180x180.jpeg 180w, https:\/\/moonstonestables.com\/wp-content\/uploads\/2022\/03\/Indi1-705x705.jpeg 705w, https:\/\/moonstonestables.com\/wp-content\/uploads\/2022\/03\/Indi1-100x100.jpeg 100w, https:\/\/moonstonestables.com\/wp-content\/uploads\/2022\/03\/Indi1-600x600.jpeg 600w, https:\/\/moonstonestables.com\/wp-content\/uploads\/2022\/03\/Indi1.jpeg 1066w\" sizes=\"auto, (max-width: 300px) 100vw, 300px\" \/><span class=\"cart-loading\"><\/span><\/div><div class='inner_product_header'><div class='avia-arrow'><\/div><div class='inner_product_header_table'><div class='inner_product_header_cell'><h2 class=\"woocommerce-loop-product__title\">\u00cdndia<\/h2>\n<\/div><\/div><\/div><\/a><\/div><\/li>\n<li class=\"product type-product post-4332 status-publish last instock product_cat-dressage-horses product_cat-horses-for-sale product_cat-rachaels-horses has-post-thumbnail shipping-taxable product-type-simple\">\n\t<div class='inner_product main_color wrapped_style noLightbox  av-product-class-minimal'><a href=\"https:\/\/moonstonestables.com\/pt\/moonstone-stables\/dressage-horses\/rachaels-horses\/king-time-franklin-x-vivaldi\/\" class=\"woocommerce-LoopProduct-link woocommerce-loop-product__link\"><div class=\"thumbnail_container\"><img decoding=\"async\" loading=\"lazy\" width=\"300\" height=\"300\" src=\"https:\/\/moonstonestables.com\/wp-content\/uploads\/2021\/05\/King_Time_Profile-1-300x300.jpg\" class=\"wp-image-4344 avia-img-lazy-loading-4344 attachment-woocommerce_thumbnail size-woocommerce_thumbnail wp-post-image\" alt=\"King Time Profile\" srcset=\"https:\/\/moonstonestables.com\/wp-content\/uploads\/2021\/05\/King_Time_Profile-1-300x300.jpg 300w, https:\/\/moonstonestables.com\/wp-content\/uploads\/2021\/05\/King_Time_Profile-1-80x80.jpg 80w, https:\/\/moonstonestables.com\/wp-content\/uploads\/2021\/05\/King_Time_Profile-1-768x768.jpg 768w, https:\/\/moonstonestables.com\/wp-content\/uploads\/2021\/05\/King_Time_Profile-1-12x12.jpg 12w, https:\/\/moonstonestables.com\/wp-content\/uploads\/2021\/05\/King_Time_Profile-1-500x500.jpg 500w, https:\/\/moonstonestables.com\/wp-content\/uploads\/2021\/05\/King_Time_Profile-1-800x800.jpg 800w, https:\/\/moonstonestables.com\/wp-content\/uploads\/2021\/05\/King_Time_Profile-1-36x36.jpg 36w, https:\/\/moonstonestables.com\/wp-content\/uploads\/2021\/05\/King_Time_Profile-1-180x180.jpg 180w, https:\/\/moonstonestables.com\/wp-content\/uploads\/2021\/05\/King_Time_Profile-1-705x705.jpg 705w, https:\/\/moonstonestables.com\/wp-content\/uploads\/2021\/05\/King_Time_Profile-1-100x100.jpg 100w, https:\/\/moonstonestables.com\/wp-content\/uploads\/2021\/05\/King_Time_Profile-1-600x600.jpg 600w, https:\/\/moonstonestables.com\/wp-content\/uploads\/2021\/05\/King_Time_Profile-1.jpg 1000w\" sizes=\"auto, (max-width: 300px) 100vw, 300px\" \/><span class=\"cart-loading\"><\/span><\/div><div class='inner_product_header'><div class='avia-arrow'><\/div><div class='inner_product_header_table'><div class='inner_product_header_cell'><h2 class=\"woocommerce-loop-product__title\">Hora do Rei<\/h2>\n<\/div><\/div><\/div><\/a><\/div><\/li>\n<\/ul><\/div><\/div><div class=\"clear\"><\/div>\n\n<style type=\"text\/css\" data-created_by=\"avia_inline_auto\" id=\"style-css-av-koogsx7k-bbbdca0ad07e6d9eec7b0e39dc6fbbdd\">\n#top .hr.hr-invisible.av-koogsx7k-bbbdca0ad07e6d9eec7b0e39dc6fbbdd{\nheight:300px;\n}\n<\/style>\n<div  class='hr av-koogsx7k-bbbdca0ad07e6d9eec7b0e39dc6fbbdd hr-invisible'><span class='hr-inner'><span class=\"hr-inner-style\"><\/span><\/span><\/div>","protected":false},"excerpt":{"rendered":"","protected":false},"author":1,"featured_media":0,"parent":0,"menu_order":0,"comment_status":"closed","ping_status":"closed","template":"","meta":{"footnotes":""},"class_list":["post-3406","page","type-page","status-publish","hentry"],"yoast_head":"<!-- This site is optimized with the Yoast SEO plugin v27.3 - https:\/\/yoast.com\/product\/yoast-seo-wordpress\/ -->\n<title>Dressage Horses For Sale - Dressuurpaarden Te Koop - Moonstone Stables<\/title>\n<meta name=\"description\" content=\"Moonstone Stables, High Quality Grand Prix Dressage Horses For Sale, Cavalos de adestramento do Grand Prix (GP) de alta qualidade para venda.\" \/>\n<meta name=\"robots\" content=\"index, follow, max-snippet:-1, max-image-preview:large, max-video-preview:-1\" \/>\n<link rel=\"canonical\" href=\"https:\/\/moonstonestables.com\/pt\/dressage-horses-for-sale\/\" \/>\n<meta property=\"og:locale\" content=\"pt_PT\" \/>\n<meta property=\"og:type\" content=\"article\" \/>\n<meta property=\"og:title\" content=\"Dressage Horses For Sale - Dressuurpaarden Te Koop - Moonstone Stables\" \/>\n<meta property=\"og:description\" content=\"Moonstone Stables, High Quality Grand Prix Dressage Horses For Sale, Cavalos de adestramento do Grand Prix (GP) de alta qualidade para venda.\" \/>\n<meta property=\"og:url\" content=\"https:\/\/moonstonestables.com\/pt\/dressage-horses-for-sale\/\" \/>\n<meta property=\"og:site_name\" content=\"Moonstone Stables\" \/>\n<meta property=\"article:publisher\" content=\"https:\/\/www.facebook.com\/MoonstoneStablesDressage\" \/>\n<meta property=\"article:modified_time\" content=\"2024-10-14T08:40:00+00:00\" \/>\n<meta property=\"og:image\" content=\"https:\/\/moonstonestables.com\/wp-content\/uploads\/2021\/03\/favicon.png\" \/>\n\t<meta property=\"og:image:width\" content=\"403\" \/>\n\t<meta property=\"og:image:height\" content=\"403\" \/>\n\t<meta property=\"og:image:type\" content=\"image\/png\" \/>\n<meta name=\"twitter:card\" content=\"summary_large_image\" \/>\n<meta name=\"twitter:label1\" content=\"Tempo estimado de leitura\" \/>\n\t<meta name=\"twitter:data1\" content=\"1 minuto\" \/>\n<script type=\"application\/ld+json\" class=\"yoast-schema-graph\">{\"@context\":\"https:\\\/\\\/schema.org\",\"@graph\":[{\"@type\":\"WebPage\",\"@id\":\"https:\\\/\\\/moonstonestables.com\\\/dressage-horses-for-sale\\\/\",\"url\":\"https:\\\/\\\/moonstonestables.com\\\/dressage-horses-for-sale\\\/\",\"name\":\"Dressage Horses For Sale - Dressuurpaarden Te Koop - Moonstone Stables\",\"isPartOf\":{\"@id\":\"https:\\\/\\\/moonstonestables.com\\\/#website\"},\"datePublished\":\"2021-03-10T15:12:01+00:00\",\"dateModified\":\"2024-10-14T08:40:00+00:00\",\"description\":\"Moonstone Stables, High Quality Grand Prix Dressage Horses For Sale, Cavalos de adestramento do Grand Prix (GP) de alta qualidade para venda.\",\"breadcrumb\":{\"@id\":\"https:\\\/\\\/moonstonestables.com\\\/dressage-horses-for-sale\\\/#breadcrumb\"},\"inLanguage\":\"pt-PT\",\"potentialAction\":[{\"@type\":\"ReadAction\",\"target\":[\"https:\\\/\\\/moonstonestables.com\\\/dressage-horses-for-sale\\\/\"]}]},{\"@type\":\"BreadcrumbList\",\"@id\":\"https:\\\/\\\/moonstonestables.com\\\/dressage-horses-for-sale\\\/#breadcrumb\",\"itemListElement\":[{\"@type\":\"ListItem\",\"position\":1,\"name\":\"Home\",\"item\":\"https:\\\/\\\/moonstonestables.com\\\/\"},{\"@type\":\"ListItem\",\"position\":2,\"name\":\"Dressage Horses For Sale\"}]},{\"@type\":\"WebSite\",\"@id\":\"https:\\\/\\\/moonstonestables.com\\\/#website\",\"url\":\"https:\\\/\\\/moonstonestables.com\\\/\",\"name\":\"Moonstone Stables\",\"description\":\"Rachael Ivtsan Dressage\",\"publisher\":{\"@id\":\"https:\\\/\\\/moonstonestables.com\\\/#organization\"},\"alternateName\":\"Pet Play Unip LDA\",\"potentialAction\":[{\"@type\":\"SearchAction\",\"target\":{\"@type\":\"EntryPoint\",\"urlTemplate\":\"https:\\\/\\\/moonstonestables.com\\\/?s={search_term_string}\"},\"query-input\":{\"@type\":\"PropertyValueSpecification\",\"valueRequired\":true,\"valueName\":\"search_term_string\"}}],\"inLanguage\":\"pt-PT\"},{\"@type\":\"Organization\",\"@id\":\"https:\\\/\\\/moonstonestables.com\\\/#organization\",\"name\":\"Pet Play Unip LDA\",\"alternateName\":\"Moonstone Stables\",\"url\":\"https:\\\/\\\/moonstonestables.com\\\/\",\"logo\":{\"@type\":\"ImageObject\",\"inLanguage\":\"pt-PT\",\"@id\":\"https:\\\/\\\/moonstonestables.com\\\/#\\\/schema\\\/logo\\\/image\\\/\",\"url\":\"https:\\\/\\\/moonstonestables.com\\\/wp-content\\\/uploads\\\/2021\\\/03\\\/icon.png\",\"contentUrl\":\"https:\\\/\\\/moonstonestables.com\\\/wp-content\\\/uploads\\\/2021\\\/03\\\/icon.png\",\"width\":1338,\"height\":403,\"caption\":\"Pet Play Unip LDA\"},\"image\":{\"@id\":\"https:\\\/\\\/moonstonestables.com\\\/#\\\/schema\\\/logo\\\/image\\\/\"},\"sameAs\":[\"https:\\\/\\\/www.facebook.com\\\/MoonstoneStablesDressage\",\"https:\\\/\\\/www.instagram.com\\\/moonstonestables_ri\\\/\",\"https:\\\/\\\/www.youtube.com\\\/channel\\\/UC2mTyspA1Xe2uJRueVmgZHA\"]}]}<\/script>\n<!-- \/ Yoast SEO plugin. -->","yoast_head_json":{"title":"Cavalos de adestramento \u00e0 venda - Dressuurpaarden Te Koop - Moonstone Stables","description":"Moonstone Stables, High Quality Grand Prix Dressage Horses For Sale, Cavalos de adestramento do Grand Prix (GP) de alta qualidade para venda.","robots":{"index":"index","follow":"follow","max-snippet":"max-snippet:-1","max-image-preview":"max-image-preview:large","max-video-preview":"max-video-preview:-1"},"canonical":"https:\/\/moonstonestables.com\/pt\/dressage-horses-for-sale\/","og_locale":"pt_PT","og_type":"article","og_title":"Dressage Horses For Sale - Dressuurpaarden Te Koop - Moonstone Stables","og_description":"Moonstone Stables, High Quality Grand Prix Dressage Horses For Sale, Cavalos de adestramento do Grand Prix (GP) de alta qualidade para venda.","og_url":"https:\/\/moonstonestables.com\/pt\/dressage-horses-for-sale\/","og_site_name":"Moonstone Stables","article_publisher":"https:\/\/www.facebook.com\/MoonstoneStablesDressage","article_modified_time":"2024-10-14T08:40:00+00:00","og_image":[{"width":403,"height":403,"url":"https:\/\/moonstonestables.com\/wp-content\/uploads\/2021\/03\/favicon.png","type":"image\/png"}],"twitter_card":"summary_large_image","twitter_misc":{"Tempo estimado de leitura":"1 minuto"},"schema":{"@context":"https:\/\/schema.org","@graph":[{"@type":"WebPage","@id":"https:\/\/moonstonestables.com\/dressage-horses-for-sale\/","url":"https:\/\/moonstonestables.com\/dressage-horses-for-sale\/","name":"Cavalos de adestramento \u00e0 venda - Dressuurpaarden Te Koop - Moonstone Stables","isPartOf":{"@id":"https:\/\/moonstonestables.com\/#website"},"datePublished":"2021-03-10T15:12:01+00:00","dateModified":"2024-10-14T08:40:00+00:00","description":"Moonstone Stables, High Quality Grand Prix Dressage Horses For Sale, Cavalos de adestramento do Grand Prix (GP) de alta qualidade para venda.","breadcrumb":{"@id":"https:\/\/moonstonestables.com\/dressage-horses-for-sale\/#breadcrumb"},"inLanguage":"pt-PT","potentialAction":[{"@type":"ReadAction","target":["https:\/\/moonstonestables.com\/dressage-horses-for-sale\/"]}]},{"@type":"BreadcrumbList","@id":"https:\/\/moonstonestables.com\/dressage-horses-for-sale\/#breadcrumb","itemListElement":[{"@type":"ListItem","position":1,"name":"Home","item":"https:\/\/moonstonestables.com\/"},{"@type":"ListItem","position":2,"name":"Dressage Horses For Sale"}]},{"@type":"WebSite","@id":"https:\/\/moonstonestables.com\/#website","url":"https:\/\/moonstonestables.com\/","name":"Est\u00e1bulos de Moonstone","description":"Adestramento Rachael Ivtsan","publisher":{"@id":"https:\/\/moonstonestables.com\/#organization"},"alternateName":"Pet Play Unip LDA","potentialAction":[{"@type":"SearchAction","target":{"@type":"EntryPoint","urlTemplate":"https:\/\/moonstonestables.com\/?s={search_term_string}"},"query-input":{"@type":"PropertyValueSpecification","valueRequired":true,"valueName":"search_term_string"}}],"inLanguage":"pt-PT"},{"@type":"Organization","@id":"https:\/\/moonstonestables.com\/#organization","name":"Pet Play Unip LDA","alternateName":"Moonstone Stables","url":"https:\/\/moonstonestables.com\/","logo":{"@type":"ImageObject","inLanguage":"pt-PT","@id":"https:\/\/moonstonestables.com\/#\/schema\/logo\/image\/","url":"https:\/\/moonstonestables.com\/wp-content\/uploads\/2021\/03\/icon.png","contentUrl":"https:\/\/moonstonestables.com\/wp-content\/uploads\/2021\/03\/icon.png","width":1338,"height":403,"caption":"Pet Play Unip LDA"},"image":{"@id":"https:\/\/moonstonestables.com\/#\/schema\/logo\/image\/"},"sameAs":["https:\/\/www.facebook.com\/MoonstoneStablesDressage","https:\/\/www.instagram.com\/moonstonestables_ri\/","https:\/\/www.youtube.com\/channel\/UC2mTyspA1Xe2uJRueVmgZHA"]}]}},"_links":{"self":[{"href":"https:\/\/moonstonestables.com\/pt\/wp-json\/wp\/v2\/pages\/3406","targetHints":{"allow":["GET"]}}],"collection":[{"href":"https:\/\/moonstonestables.com\/pt\/wp-json\/wp\/v2\/pages"}],"about":[{"href":"https:\/\/moonstonestables.com\/pt\/wp-json\/wp\/v2\/types\/page"}],"author":[{"embeddable":true,"href":"https:\/\/moonstonestables.com\/pt\/wp-json\/wp\/v2\/users\/1"}],"replies":[{"embeddable":true,"href":"https:\/\/moonstonestables.com\/pt\/wp-json\/wp\/v2\/comments?post=3406"}],"version-history":[{"count":16,"href":"https:\/\/moonstonestables.com\/pt\/wp-json\/wp\/v2\/pages\/3406\/revisions"}],"predecessor-version":[{"id":4521,"href":"https:\/\/moonstonestables.com\/pt\/wp-json\/wp\/v2\/pages\/3406\/revisions\/4521"}],"wp:attachment":[{"href":"https:\/\/moonstonestables.com\/pt\/wp-json\/wp\/v2\/media?parent=3406"}],"curies":[{"name":"wp","href":"https:\/\/api.w.org\/{rel}","templated":true}]}}