{"id":3295,"date":"2021-03-10T10:27:02","date_gmt":"2021-03-10T10:27:02","guid":{"rendered":"https:\/\/moonstonestables.com\/?page_id=3295"},"modified":"2024-12-11T14:08:04","modified_gmt":"2024-12-11T14:08:04","slug":"contact-us","status":"publish","type":"page","link":"https:\/\/moonstonestables.com\/pt\/contact-us\/","title":{"rendered":"Contate-nos"},"content":{"rendered":"<section  class='av_textblock_section av-kmda9g95-13dc04b0b5d7392b314c6ddfe518ec4d'   itemscope=\"itemscope\" itemtype=\"https:\/\/schema.org\/CreativeWork\" ><div class='avia_textblock'  itemprop=\"text\" ><h1 style=\"text-align: center;\">Contate-nos<\/h1>\n<\/div><\/section>\n<section  class='av_textblock_section av-koya3tmy-5bffe9094a973ac982d4d277f5562e49'   itemscope=\"itemscope\" itemtype=\"https:\/\/schema.org\/CreativeWork\" ><div class='avia_textblock'  itemprop=\"text\" ><p style=\"text-align: center;\">Voc\u00ea tem alguma pergunta ou quer marcar um hor\u00e1rio para experimentar um dos nossos cavalos de venda? Ligue ou envie uma mensagem.<\/p>\n<\/div><\/section>\n<div  class='av_gmaps_sc_main_wrap av_gmaps_main_wrap'><div id='av_gmap_0' class='avia-google-map-container avia-google-map-sc av_gmaps_show_unconditionally av-no-fallback-img' data-mapid='av_gmap_0'  style='height: 400px;'><a class=\"av_gmaps_browser_disabled av_text_confirm_link av_text_confirm_link_visible\" href=\"https:\/\/www.google.com\/maps\/search\/?api=1&#038;query=37.093479,-8.274058\" target=\"_blank\">Os mapas foram desativados pelo visitante neste site. Clique para abrir o mapa em uma nova janela.<\/a><\/div><\/div>\n\n<style type=\"text\/css\" data-created_by=\"avia_inline_auto\" id=\"style-css-av-c468bj-0c11d94bb087bfc30e14710f10d48cea\">\n.flex_column.av-c468bj-0c11d94bb087bfc30e14710f10d48cea{\nborder-radius:0px 0px 0px 0px;\npadding:0px 0px 0px 0px;\n}\n<\/style>\n<div  class='flex_column av-c468bj-0c11d94bb087bfc30e14710f10d48cea av_one_half  avia-builder-el-3  el_after_av_google_map  el_before_av_one_half  avia-builder-el-first  first flex_column_div av-zero-column-padding'     ><form action=\"https:\/\/moonstonestables.com\/pt\/contact-us\/\" method=\"post\" data-fields-with-error=\"Found errors in the following field(s):\" class=\"avia_ajax_form av-form-labels-hidden   avia-builder-el-4  avia-builder-el-no-sibling\" data-avia-form-id=\"1\" data-avia-redirect='' data-trp-original-action=\"https:\/\/moonstonestables.com\/pt\/contact-us\/\" ><h3 class=''>Envie-nos um e-mail<\/h3><fieldset><p class='first_form  form_element form_fullwidth' id='element_avia_1_1'><label for=\"avia_1_1\">Nome <abbr class=\"required\" title=\"obrigat\u00f3rio\">*<\/abbr><\/label> <input name=\"avia_1_1\" class=\"text_input is_empty\" type=\"text\" id=\"avia_1_1\" value=\"\"  placeholder='Nome*'\/><\/p><p class='first_form  form_element form_fullwidth' id='element_avia_2_1'><label for=\"avia_2_1\">E-mail <abbr class=\"required\" title=\"obrigat\u00f3rio\">*<\/abbr><\/label> <input name=\"avia_2_1\" class=\"text_input is_email\" type=\"text\" id=\"avia_2_1\" value=\"\"  placeholder='E-mail*'\/><\/p><p class='first_form  form_element form_fullwidth' id='element_avia_3_1'><label for=\"avia_3_1\">Assunto <abbr class=\"required\" title=\"obrigat\u00f3rio\">*<\/abbr><\/label> <input name=\"avia_3_1\" class=\"text_input is_empty\" type=\"text\" id=\"avia_3_1\" value=\"\"  placeholder='Assunto*'\/><\/p><p class='first_form  form_element form_fullwidth' id='element_avia_4_1'><label for=\"avia_4_1\" class=\"textare_label hidden textare_label_avia_4_1\">Mensagem <abbr class=\"required\" title=\"obrigat\u00f3rio\">*<\/abbr><\/label><textarea  placeholder='Mensagem*' name=\"avia_4_1\" class=\"text_area is_empty\" cols=\"40\" rows=\"7\" id=\"avia_4_1\" ><\/textarea><\/p><p class=\"hidden\"><input type=\"text\" name=\"avia_5_1\" class=\"hidden\" id=\"avia_5_1\" value=\"\" \/><\/p><div id='avia_6_1' class='av-recaptcha-area  first_form  form_element form_fullwidth'  data-container_class=\"\" data-custom_class=\"\" data-context=\"av_contact_form\" data-token_input=\"av_recaptcha_token\" data-version=\"avia_recaptcha_v3\" data-theme=\"dark\" data-size=\"normal\" data-score=\"0.5\" data-text_to_preview=\"\" data-value=\"\"><div class=\"av-google-badge-message hidden\">Este site \u00e9 protegido pelo reCAPTCHA e pelo Google <a href=\"https:\/\/policies.google.com\/privacy\">pol\u00edtica de Privacidade<\/a> e <a href=\"https:\/\/policies.google.com\/terms\">Termos de servi\u00e7o<\/a> aplicar.<\/div><\/div><p class=\"form_element\"><input type=\"hidden\" value=\"1\" name=\"avia_generated_form1\" \/><input type=\"submit\" value=\"Enviar\" class=\"button\"  data-sending-label=\"Sending\"\/><\/p><\/fieldset><div class=\"avia-disabled-form\">Este formul\u00e1rio de contato est\u00e1 desativado porque voc\u00ea se recusou a aceitar o servi\u00e7o Google reCaptcha, necess\u00e1rio para validar qualquer mensagem enviada pelo formul\u00e1rio.<\/div><input type=\"hidden\" name=\"trp-form-language\" value=\"pt\"\/><\/form><div id=\"ajaxresponse_1\" class=\"ajaxresponse ajaxresponse_1 hidden\"><\/div><\/div>\n\n<style type=\"text\/css\" data-created_by=\"avia_inline_auto\" id=\"style-css-av-2qgya7-e447fbae05c7c4edb57361635e059d15\">\n.flex_column.av-2qgya7-e447fbae05c7c4edb57361635e059d15{\nborder-radius:0px 0px 0px 0px;\npadding:0px 0px 0px 0px;\n}\n<\/style>\n<div  class='flex_column av-2qgya7-e447fbae05c7c4edb57361635e059d15 av_one_half  avia-builder-el-5  el_after_av_one_half  avia-builder-el-last  flex_column_div av-zero-column-padding'     ><p><section  class='av_textblock_section av-km3axf02-292da6ef5558e790b1402b03c13e87c5'   itemscope=\"itemscope\" itemtype=\"https:\/\/schema.org\/CreativeWork\" ><div class='avia_textblock'  itemprop=\"text\" ><p><strong>WJS Services BV WJS Services Ltd e Pet Play Unip LDA comercializando como Moonstone Stables<\/strong><\/p>\n<\/div><\/section><br \/>\n<section  class='av_textblock_section av-kmbz1c19-d0fdccfc61f248bee90f1d9ac14de7ca'   itemscope=\"itemscope\" itemtype=\"https:\/\/schema.org\/CreativeWork\" ><div class='avia_textblock'  itemprop=\"text\" ><p><strong>Pa\u00edses Baixos<\/strong><\/p>\n<\/div><\/section><br \/>\n\n<style type=\"text\/css\" data-created_by=\"avia_inline_auto\" id=\"style-css-av-kmbz2m37-6ce5401b758e9d511c7e8de247c5f9e0\">\n#top .av_textblock_section.av-kmbz2m37-6ce5401b758e9d511c7e8de247c5f9e0 .avia_textblock{\ncolor:#ffffff;\n}\n<\/style>\n<section  class='av_textblock_section av-kmbz2m37-6ce5401b758e9d511c7e8de247c5f9e0'   itemscope=\"itemscope\" itemtype=\"https:\/\/schema.org\/CreativeWork\" ><div class='avia_textblock av_inherit_color'  itemprop=\"text\" ><p>Servi\u00e7os WJS BV<br \/>\nWilhelminalaan 2<br \/>\nBeuningen Gld<br \/>\n6641 DG<br \/>\nPa\u00edses Baixos<\/p>\n<p>N\u00famero de telefone: +31 (0) 626071485<br \/>\nN\u00famero KVK: 69277729<\/p>\n<\/div><\/section><br \/>\n<section  class='av_textblock_section av-m16ffg0q-21e8d171bf5220905e2bb1485521b444'   itemscope=\"itemscope\" itemtype=\"https:\/\/schema.org\/CreativeWork\" ><div class='avia_textblock'  itemprop=\"text\" ><p><strong>Portugal<\/strong><\/p>\n<\/div><\/section><br \/>\n<section  class='av_textblock_section av-m16fgxwg-4dcead2193d7c9db1ae4cc53ed4b07b2'   itemscope=\"itemscope\" itemtype=\"https:\/\/schema.org\/CreativeWork\" ><div class='avia_textblock'  itemprop=\"text\" ><p>Pet Play Unip LDA<br \/>\nQuinta do Cerro Aguia<br \/>\nCaminho do Cerro de \u00c1guia 50H<br \/>\n8200-310<br \/>\nAlbufeira<br \/>\nPortugal<\/p>\n<p>Telefone: +351 913002883<\/p>\n<p>N\u00famero da empresa 517989425.<\/p>\n<\/div><\/section><br \/>\n<section  class='av_textblock_section av-kmbz3i18-86adc3660c1dce3e61fc6c899d8ec743'   itemscope=\"itemscope\" itemtype=\"https:\/\/schema.org\/CreativeWork\" ><div class='avia_textblock'  itemprop=\"text\" ><p><strong>Reino Unido<\/strong><\/p>\n<\/div><\/section><br \/>\n\n<style type=\"text\/css\" data-created_by=\"avia_inline_auto\" id=\"style-css-av-kmbz456k-d4e2ef6ed54c43a8c1f57da0a8cf6c56\">\n#top .av_textblock_section.av-kmbz456k-d4e2ef6ed54c43a8c1f57da0a8cf6c56 .avia_textblock{\ncolor:#ffffff;\n}\n<\/style>\n<section  class='av_textblock_section av-kmbz456k-d4e2ef6ed54c43a8c1f57da0a8cf6c56'   itemscope=\"itemscope\" itemtype=\"https:\/\/schema.org\/CreativeWork\" ><div class='avia_textblock av_inherit_color'  itemprop=\"text\" ><p>Servi\u00e7os WJS Ltda<br \/>\nCaixa Postal 239<br \/>\nStamford<br \/>\nPE9 4WX<br \/>\nReino Unido<\/p>\n<p>N\u00famero de telefone: +44 (0) 333 772 7204<br \/>\nRegistrado na Inglaterra e no Pa\u00eds de Gales n\u00ba 04084319.<\/p>\n<\/div><\/section><br \/>\n<section  class='av_textblock_section av-kmbzdqfu-533099c10a66f76100ab1b819db4df03'   itemscope=\"itemscope\" itemtype=\"https:\/\/schema.org\/CreativeWork\" ><div class='avia_textblock'  itemprop=\"text\" ><p>E-mail: <a href=\"mailto:ri@moonstonestables.com\">ri@moonstonestables.com<\/a><\/p>\n<\/div><\/section><\/p><\/div>","protected":false},"excerpt":{"rendered":"","protected":false},"author":1,"featured_media":0,"parent":0,"menu_order":0,"comment_status":"closed","ping_status":"closed","template":"","meta":{"footnotes":""},"class_list":["post-3295","page","type-page","status-publish","hentry"],"yoast_head":"<!-- This site is optimized with the Yoast SEO plugin v27.3 - https:\/\/yoast.com\/product\/yoast-seo-wordpress\/ -->\n<title>Contact Us - Moonstone Stables<\/title>\n<meta name=\"description\" content=\"Do you have any questions or do you want to make an appointment to try one of our sales horses? Please call or send us a message.\" \/>\n<meta name=\"robots\" content=\"index, follow, max-snippet:-1, max-image-preview:large, max-video-preview:-1\" \/>\n<link rel=\"canonical\" href=\"https:\/\/moonstonestables.com\/pt\/contact-us\/\" \/>\n<meta property=\"og:locale\" content=\"pt_PT\" \/>\n<meta property=\"og:type\" content=\"article\" \/>\n<meta property=\"og:title\" content=\"Contact Us - Moonstone Stables\" \/>\n<meta property=\"og:description\" content=\"Do you have any questions or do you want to make an appointment to try one of our sales horses? Please call or send us a message.\" \/>\n<meta property=\"og:url\" content=\"https:\/\/moonstonestables.com\/pt\/contact-us\/\" \/>\n<meta property=\"og:site_name\" content=\"Moonstone Stables\" \/>\n<meta property=\"article:publisher\" content=\"https:\/\/www.facebook.com\/MoonstoneStablesDressage\" \/>\n<meta property=\"article:modified_time\" content=\"2024-12-11T14:08:04+00:00\" \/>\n<meta property=\"og:image\" content=\"https:\/\/moonstonestables.com\/wp-content\/uploads\/2021\/03\/favicon.png\" \/>\n\t<meta property=\"og:image:width\" content=\"403\" \/>\n\t<meta property=\"og:image:height\" content=\"403\" \/>\n\t<meta property=\"og:image:type\" content=\"image\/png\" \/>\n<meta name=\"twitter:card\" content=\"summary_large_image\" \/>\n<meta name=\"twitter:label1\" content=\"Tempo estimado de leitura\" \/>\n\t<meta name=\"twitter:data1\" content=\"2 minutos\" \/>\n<script type=\"application\/ld+json\" class=\"yoast-schema-graph\">{\"@context\":\"https:\\\/\\\/schema.org\",\"@graph\":[{\"@type\":\"WebPage\",\"@id\":\"https:\\\/\\\/moonstonestables.com\\\/contact-us\\\/\",\"url\":\"https:\\\/\\\/moonstonestables.com\\\/contact-us\\\/\",\"name\":\"Contact Us - Moonstone Stables\",\"isPartOf\":{\"@id\":\"https:\\\/\\\/moonstonestables.com\\\/#website\"},\"datePublished\":\"2021-03-10T10:27:02+00:00\",\"dateModified\":\"2024-12-11T14:08:04+00:00\",\"description\":\"Do you have any questions or do you want to make an appointment to try one of our sales horses? Please call or send us a message.\",\"breadcrumb\":{\"@id\":\"https:\\\/\\\/moonstonestables.com\\\/contact-us\\\/#breadcrumb\"},\"inLanguage\":\"pt-PT\",\"potentialAction\":[{\"@type\":\"ReadAction\",\"target\":[\"https:\\\/\\\/moonstonestables.com\\\/contact-us\\\/\"]}]},{\"@type\":\"BreadcrumbList\",\"@id\":\"https:\\\/\\\/moonstonestables.com\\\/contact-us\\\/#breadcrumb\",\"itemListElement\":[{\"@type\":\"ListItem\",\"position\":1,\"name\":\"Home\",\"item\":\"https:\\\/\\\/moonstonestables.com\\\/\"},{\"@type\":\"ListItem\",\"position\":2,\"name\":\"Contact Us\"}]},{\"@type\":\"WebSite\",\"@id\":\"https:\\\/\\\/moonstonestables.com\\\/#website\",\"url\":\"https:\\\/\\\/moonstonestables.com\\\/\",\"name\":\"Moonstone Stables\",\"description\":\"Rachael Ivtsan Dressage\",\"publisher\":{\"@id\":\"https:\\\/\\\/moonstonestables.com\\\/#organization\"},\"alternateName\":\"Pet Play Unip LDA\",\"potentialAction\":[{\"@type\":\"SearchAction\",\"target\":{\"@type\":\"EntryPoint\",\"urlTemplate\":\"https:\\\/\\\/moonstonestables.com\\\/?s={search_term_string}\"},\"query-input\":{\"@type\":\"PropertyValueSpecification\",\"valueRequired\":true,\"valueName\":\"search_term_string\"}}],\"inLanguage\":\"pt-PT\"},{\"@type\":\"Organization\",\"@id\":\"https:\\\/\\\/moonstonestables.com\\\/#organization\",\"name\":\"Pet Play Unip LDA\",\"alternateName\":\"Moonstone Stables\",\"url\":\"https:\\\/\\\/moonstonestables.com\\\/\",\"logo\":{\"@type\":\"ImageObject\",\"inLanguage\":\"pt-PT\",\"@id\":\"https:\\\/\\\/moonstonestables.com\\\/#\\\/schema\\\/logo\\\/image\\\/\",\"url\":\"https:\\\/\\\/moonstonestables.com\\\/wp-content\\\/uploads\\\/2021\\\/03\\\/icon.png\",\"contentUrl\":\"https:\\\/\\\/moonstonestables.com\\\/wp-content\\\/uploads\\\/2021\\\/03\\\/icon.png\",\"width\":1338,\"height\":403,\"caption\":\"Pet Play Unip LDA\"},\"image\":{\"@id\":\"https:\\\/\\\/moonstonestables.com\\\/#\\\/schema\\\/logo\\\/image\\\/\"},\"sameAs\":[\"https:\\\/\\\/www.facebook.com\\\/MoonstoneStablesDressage\",\"https:\\\/\\\/www.instagram.com\\\/moonstonestables_ri\\\/\",\"https:\\\/\\\/www.youtube.com\\\/channel\\\/UC2mTyspA1Xe2uJRueVmgZHA\"]}]}<\/script>\n<!-- \/ Yoast SEO plugin. -->","yoast_head_json":{"title":"Entre em contato conosco - Moonstone Stables","description":"Voc\u00ea tem alguma pergunta ou quer marcar um hor\u00e1rio para experimentar um dos nossos cavalos de venda? Ligue ou envie uma mensagem.","robots":{"index":"index","follow":"follow","max-snippet":"max-snippet:-1","max-image-preview":"max-image-preview:large","max-video-preview":"max-video-preview:-1"},"canonical":"https:\/\/moonstonestables.com\/pt\/contact-us\/","og_locale":"pt_PT","og_type":"article","og_title":"Contact Us - Moonstone Stables","og_description":"Do you have any questions or do you want to make an appointment to try one of our sales horses? Please call or send us a message.","og_url":"https:\/\/moonstonestables.com\/pt\/contact-us\/","og_site_name":"Moonstone Stables","article_publisher":"https:\/\/www.facebook.com\/MoonstoneStablesDressage","article_modified_time":"2024-12-11T14:08:04+00:00","og_image":[{"width":403,"height":403,"url":"https:\/\/moonstonestables.com\/wp-content\/uploads\/2021\/03\/favicon.png","type":"image\/png"}],"twitter_card":"summary_large_image","twitter_misc":{"Tempo estimado de leitura":"2 minutos"},"schema":{"@context":"https:\/\/schema.org","@graph":[{"@type":"WebPage","@id":"https:\/\/moonstonestables.com\/contact-us\/","url":"https:\/\/moonstonestables.com\/contact-us\/","name":"Entre em contato conosco - Moonstone Stables","isPartOf":{"@id":"https:\/\/moonstonestables.com\/#website"},"datePublished":"2021-03-10T10:27:02+00:00","dateModified":"2024-12-11T14:08:04+00:00","description":"Voc\u00ea tem alguma pergunta ou quer marcar um hor\u00e1rio para experimentar um dos nossos cavalos de venda? Ligue ou envie uma mensagem.","breadcrumb":{"@id":"https:\/\/moonstonestables.com\/contact-us\/#breadcrumb"},"inLanguage":"pt-PT","potentialAction":[{"@type":"ReadAction","target":["https:\/\/moonstonestables.com\/contact-us\/"]}]},{"@type":"BreadcrumbList","@id":"https:\/\/moonstonestables.com\/contact-us\/#breadcrumb","itemListElement":[{"@type":"ListItem","position":1,"name":"Home","item":"https:\/\/moonstonestables.com\/"},{"@type":"ListItem","position":2,"name":"Contact Us"}]},{"@type":"WebSite","@id":"https:\/\/moonstonestables.com\/#website","url":"https:\/\/moonstonestables.com\/","name":"Est\u00e1bulos de Moonstone","description":"Adestramento Rachael Ivtsan","publisher":{"@id":"https:\/\/moonstonestables.com\/#organization"},"alternateName":"Pet Play Unip LDA","potentialAction":[{"@type":"SearchAction","target":{"@type":"EntryPoint","urlTemplate":"https:\/\/moonstonestables.com\/?s={search_term_string}"},"query-input":{"@type":"PropertyValueSpecification","valueRequired":true,"valueName":"search_term_string"}}],"inLanguage":"pt-PT"},{"@type":"Organization","@id":"https:\/\/moonstonestables.com\/#organization","name":"Pet Play Unip LDA","alternateName":"Moonstone Stables","url":"https:\/\/moonstonestables.com\/","logo":{"@type":"ImageObject","inLanguage":"pt-PT","@id":"https:\/\/moonstonestables.com\/#\/schema\/logo\/image\/","url":"https:\/\/moonstonestables.com\/wp-content\/uploads\/2021\/03\/icon.png","contentUrl":"https:\/\/moonstonestables.com\/wp-content\/uploads\/2021\/03\/icon.png","width":1338,"height":403,"caption":"Pet Play Unip LDA"},"image":{"@id":"https:\/\/moonstonestables.com\/#\/schema\/logo\/image\/"},"sameAs":["https:\/\/www.facebook.com\/MoonstoneStablesDressage","https:\/\/www.instagram.com\/moonstonestables_ri\/","https:\/\/www.youtube.com\/channel\/UC2mTyspA1Xe2uJRueVmgZHA"]}]}},"_links":{"self":[{"href":"https:\/\/moonstonestables.com\/pt\/wp-json\/wp\/v2\/pages\/3295","targetHints":{"allow":["GET"]}}],"collection":[{"href":"https:\/\/moonstonestables.com\/pt\/wp-json\/wp\/v2\/pages"}],"about":[{"href":"https:\/\/moonstonestables.com\/pt\/wp-json\/wp\/v2\/types\/page"}],"author":[{"embeddable":true,"href":"https:\/\/moonstonestables.com\/pt\/wp-json\/wp\/v2\/users\/1"}],"replies":[{"embeddable":true,"href":"https:\/\/moonstonestables.com\/pt\/wp-json\/wp\/v2\/comments?post=3295"}],"version-history":[{"count":70,"href":"https:\/\/moonstonestables.com\/pt\/wp-json\/wp\/v2\/pages\/3295\/revisions"}],"predecessor-version":[{"id":4589,"href":"https:\/\/moonstonestables.com\/pt\/wp-json\/wp\/v2\/pages\/3295\/revisions\/4589"}],"wp:attachment":[{"href":"https:\/\/moonstonestables.com\/pt\/wp-json\/wp\/v2\/media?parent=3295"}],"curies":[{"name":"wp","href":"https:\/\/api.w.org\/{rel}","templated":true}]}}